{"id":321,"date":"2021-06-10T23:26:39","date_gmt":"2021-06-10T23:26:39","guid":{"rendered":"https:\/\/www.science-metrix.com\/?page_id=321"},"modified":"2021-12-03T22:53:59","modified_gmt":"2021-12-03T22:53:59","slug":"bibliometrics","status":"publish","type":"page","link":"https:\/\/science-metrix.com\/fr\/bibliometrics\/","title":{"rendered":"La bibliom\u00e9trie"},"content":{"rendered":"<div data-elementor-type=\"wp-page\" data-elementor-id=\"321\" class=\"elementor elementor-321\" data-elementor-post-type=\"page\">\n\t\t\t\t\t\t<section class=\"elementor-section elementor-top-section elementor-element elementor-element-e83c4ae elementor-section-boxed elementor-section-height-default elementor-section-height-default\" data-id=\"e83c4ae\" data-element_type=\"section\" data-e-type=\"section\">\n\t\t\t\t\t\t<div class=\"elementor-container elementor-column-gap-default\">\n\t\t\t\t\t<div class=\"elementor-column elementor-col-100 elementor-top-column elementor-element elementor-element-0b2ccbd\" data-id=\"0b2ccbd\" data-element_type=\"column\" data-e-type=\"column\">\n\t\t\t<div class=\"elementor-widget-wrap elementor-element-populated\">\n\t\t\t\t\t\t<div class=\"elementor-element elementor-element-e4731b5 elementor-widget elementor-widget-spacer\" data-id=\"e4731b5\" data-element_type=\"widget\" data-e-type=\"widget\" data-widget_type=\"spacer.default\">\n\t\t\t\t<div class=\"elementor-widget-container\">\n\t\t\t\t\t\t\t<div class=\"elementor-spacer\">\n\t\t\t<div class=\"elementor-spacer-inner\"><\/div>\n\t\t<\/div>\n\t\t\t\t\t\t<\/div>\n\t\t\t\t<\/div>\n\t\t\t\t<div class=\"elementor-element elementor-element-b60794a elementor-widget elementor-widget-heading\" data-id=\"b60794a\" data-element_type=\"widget\" data-e-type=\"widget\" data-widget_type=\"heading.default\">\n\t\t\t\t<div class=\"elementor-widget-container\">\n\t\t\t\t\t<h2 class=\"elementor-heading-title elementor-size-default\">La bibliom\u00e9trie<\/h2>\t\t\t\t<\/div>\n\t\t\t\t<\/div>\n\t\t\t\t\t<\/div>\n\t\t<\/div>\n\t\t\t\t\t<\/div>\n\t\t<\/section>\n\t\t\t\t<section class=\"elementor-section elementor-top-section elementor-element elementor-element-af54f82 elementor-section-boxed elementor-section-height-default elementor-section-height-default\" data-id=\"af54f82\" data-element_type=\"section\" data-e-type=\"section\">\n\t\t\t\t\t\t<div class=\"elementor-container elementor-column-gap-wider\">\n\t\t\t\t\t<div class=\"elementor-column elementor-col-50 elementor-top-column elementor-element elementor-element-f4dd61d\" data-id=\"f4dd61d\" data-element_type=\"column\" data-e-type=\"column\">\n\t\t\t<div class=\"elementor-widget-wrap elementor-element-populated\">\n\t\t\t\t\t\t<div class=\"elementor-element elementor-element-d719492 elementor-hidden-tablet elementor-hidden-mobile elementor-widget elementor-widget-spacer\" data-id=\"d719492\" data-element_type=\"widget\" data-e-type=\"widget\" data-widget_type=\"spacer.default\">\n\t\t\t\t<div class=\"elementor-widget-container\">\n\t\t\t\t\t\t\t<div class=\"elementor-spacer\">\n\t\t\t<div class=\"elementor-spacer-inner\"><\/div>\n\t\t<\/div>\n\t\t\t\t\t\t<\/div>\n\t\t\t\t<\/div>\n\t\t\t\t<div class=\"elementor-element elementor-element-1d05407 elementor-widget elementor-widget-heading\" data-id=\"1d05407\" data-element_type=\"widget\" data-e-type=\"widget\" data-widget_type=\"heading.default\">\n\t\t\t\t<div class=\"elementor-widget-container\">\n\t\t\t\t\t<h3 class=\"elementor-heading-title elementor-size-default\">Qu\u2019est-ce que la bibliom\u00e9trie et comment mesure-t-elle les activit\u00e9s de recherche ?<\/h3>\t\t\t\t<\/div>\n\t\t\t\t<\/div>\n\t\t\t\t<div class=\"elementor-element elementor-element-9f40618 elementor-widget elementor-widget-text-editor\" data-id=\"9f40618\" data-element_type=\"widget\" data-e-type=\"widget\" data-widget_type=\"text-editor.default\">\n\t\t\t\t<div class=\"elementor-widget-container\">\n\t\t\t\t\t\t\t\t\t<p>La bibliom\u00e9trie est un ensemble de m\u00e9thodes quantitatives faisant usage de donn\u00e9es provenant de bases de donn\u00e9es qui r\u00e9pertorient les m\u00e9tadonn\u00e9es de publications scientifiques et de brevets, ainsi que d\u2019autres donn\u00e9es propres \u00e0 la R&amp;I, telles que les demandes d\u2019enregistrement de dessins industriels et de marques commerciales. Ces m\u00e9thodes permettent d\u2019\u00e9valuer le rendement des organismes qui participent \u00e0 de telles activit\u00e9s ou de celles qui les financent. La scientom\u00e9trie est la composante de la bibliom\u00e9trie qui mesure les activit\u00e9s de recherche par le biais des publications scientifiques. Elle s\u2019int\u00e9resse aussi de plus en plus aux donn\u00e9es connexes, telles que les ensembles de donn\u00e9es recueillies lors d\u2019enqu\u00eates et utilis\u00e9es dans la production d\u2019articles scientifiques. La technom\u00e9trie est la composante de la bibliom\u00e9trie qui analyse les donn\u00e9es de brevets pour mesurer l\u2019innovation. Elle prend rapidement de l\u2019expansion pour mesurer d\u2019autres formes d\u2019innovation, telles que les demandes d\u2019enregistrement de dessins industriels et de marques commerciales.<\/p><p>La bibliom\u00e9trie peut \u00eatre utilis\u00e9e pour r\u00e9pondre aux besoins suivants :<\/p><ul><li>Mesurer les diff\u00e9rentes facettes des activit\u00e9s scientifiques et technologiques (soit la production d\u2019articles scientifiques et de brevets, compil\u00e9e en nombre brut ou per capita, la sp\u00e9cialisation et l\u2019impact scientifique, entre autres), et standardiser le rendement de telles activit\u00e9s \u00e0 diff\u00e9rents niveaux (par exemple, au niveau des chercheurs, des programmes, des organismes, des r\u00e9seaux, des r\u00e9gions et des pays)<\/li><li>Mesurer l\u2019impact international de la R&amp;I parmi la communaut\u00e9 scientifique et au-del\u00e0 de celle-ci, par le biais des citations entre articles scientifiques, brevets et documents de politique<\/li><li>D\u00e9terminer les chefs de file en recherche et leurs comp\u00e9titeurs dans un domaine de recherche sp\u00e9cifique<\/li><li>D\u00e9terminer les chercheurs qui collaborent entre eux, et de quelle mani\u00e8re se manifeste cette collaboration, dans plusieurs champs de la S&amp;T<\/li><li>Illustrer un r\u00e9seau de collaborations, et d\u00e9tecter des occasions de collaborations b\u00e9n\u00e9fiques pour toutes les parties impliqu\u00e9es<\/li><li>\u00c9valuer les retomb\u00e9es du financement de la R&amp;I sur la production scientifique et technologique d\u2019\u00e9tudiants aux cycles sup\u00e9rieurs et de chercheurs tout au long de leur carri\u00e8re<\/li><li>\u00c9valuer les retomb\u00e9es du financement de la recherche sur les infrastructures de la R&amp;I<\/li><li>Faire le suivi des tendances de la recherche dans des secteurs sp\u00e9cifiques de la S&amp;T<\/li><li>D\u00e9terminer les sujets de recherche en \u00e9mergence<\/li><li>\u00c9valuer les strat\u00e9gies et les politiques nationales et internationales en mati\u00e8re de S&amp;T<\/li><li>\u00c9valuer les retomb\u00e9es des programmes de financement de la recherche<\/li><li>Soutenir le processus organisationnel de r\u00e9\u00e9valuation des strat\u00e9gies<\/li><li>Fournir de l\u2019information qui \u00e9claire la prise de d\u00e9cisions et l\u2019\u00e9valuation des retomb\u00e9es organisationnelles<\/li><li>Soutenir le processus d\u2019\u00e9valuation par les pairs<\/li><\/ul>\t\t\t\t\t\t\t\t<\/div>\n\t\t\t\t<\/div>\n\t\t\t\t\t<\/div>\n\t\t<\/div>\n\t\t\t\t<div class=\"elementor-column elementor-col-50 elementor-top-column elementor-element elementor-element-8583e18\" data-id=\"8583e18\" data-element_type=\"column\" data-e-type=\"column\">\n\t\t\t<div class=\"elementor-widget-wrap elementor-element-populated\">\n\t\t\t\t\t\t<div class=\"elementor-element elementor-element-e99b79b elementor-widget elementor-widget-text-editor\" data-id=\"e99b79b\" data-element_type=\"widget\" data-e-type=\"widget\" data-widget_type=\"text-editor.default\">\n\t\t\t\t<div class=\"elementor-widget-container\">\n\t\t\t\t\t\t\t\t\t<p>Nous pouvons produire des \u00e9tudes strictement bibliom\u00e9triques, mais nous avons aussi beaucoup d\u2019exp\u00e9rience \u00e0 combiner nos m\u00e9thodes bibliom\u00e9triques \u00e0 d\u2019autres m\u00e9thodes d\u2019\u00e9valuation quantitatives et qualitatives. Nous d\u00e9veloppons des indicateurs de fine pointe qui fournissent de l\u2019information riche \u00e0 nos clients afin de les aider \u00e0 atteindre les objectifs de leurs \u00e9tudes.<\/p><p>Nous pouvons fournir un fichier de donn\u00e9es d\u00e9taill\u00e9 \u00e0 nos clients, ce qui leur permet d\u2019explorer toutes les facettes des enjeux qui les int\u00e9ressent, ou nous pouvons r\u00e9diger un rapport qui d\u00e9taille le processus m\u00e9thodologique, ainsi que les limites qui s\u2019y rattachent, et la port\u00e9e des r\u00e9sultats dans un contexte de prise de d\u00e9cisions et de politiques.<\/p><p><a href=\"mailto:info@science-metrix.com?subject=Bibliometric%20study%20query\">Communiquez avec nous<\/a> pour voir comment nous pouvons d\u00e9velopper une \u00e9tude bibliom\u00e9trique adapt\u00e9e \u00e0 vos besoins.<\/p>\t\t\t\t\t\t\t\t<\/div>\n\t\t\t\t<\/div>\n\t\t\t\t\t<\/div>\n\t\t<\/div>\n\t\t\t\t\t<\/div>\n\t\t<\/section>\n\t\t\t\t<section class=\"elementor-section elementor-top-section elementor-element elementor-element-026b9e4 elementor-section-boxed elementor-section-height-default elementor-section-height-default\" data-id=\"026b9e4\" data-element_type=\"section\" data-e-type=\"section\">\n\t\t\t\t\t\t<div class=\"elementor-container elementor-column-gap-default\">\n\t\t\t\t\t<div class=\"elementor-column elementor-col-100 elementor-top-column elementor-element elementor-element-f65451d\" data-id=\"f65451d\" data-element_type=\"column\" data-e-type=\"column\">\n\t\t\t<div class=\"elementor-widget-wrap elementor-element-populated\">\n\t\t\t\t\t\t<div class=\"elementor-element elementor-element-86b094e elementor-widget elementor-widget-heading\" data-id=\"86b094e\" data-element_type=\"widget\" data-e-type=\"widget\" data-widget_type=\"heading.default\">\n\t\t\t\t<div class=\"elementor-widget-container\">\n\t\t\t\t\t<h2 class=\"elementor-heading-title elementor-size-default\">La scientom\u00e9trie<\/h2>\t\t\t\t<\/div>\n\t\t\t\t<\/div>\n\t\t\t\t\t<\/div>\n\t\t<\/div>\n\t\t\t\t\t<\/div>\n\t\t<\/section>\n\t\t\t\t<section class=\"elementor-section elementor-top-section elementor-element elementor-element-9c3597d elementor-section-boxed elementor-section-height-default elementor-section-height-default\" data-id=\"9c3597d\" data-element_type=\"section\" data-e-type=\"section\">\n\t\t\t\t\t\t<div class=\"elementor-container elementor-column-gap-default\">\n\t\t\t\t\t<div class=\"elementor-column elementor-col-100 elementor-top-column elementor-element elementor-element-9a71a10\" data-id=\"9a71a10\" data-element_type=\"column\" data-e-type=\"column\">\n\t\t\t<div class=\"elementor-widget-wrap elementor-element-populated\">\n\t\t\t\t\t\t<div class=\"elementor-element elementor-element-937ff32 elementor-widget elementor-widget-text-editor\" data-id=\"937ff32\" data-element_type=\"widget\" data-e-type=\"widget\" data-widget_type=\"text-editor.default\">\n\t\t\t\t<div class=\"elementor-widget-container\">\n\t\t\t\t\t\t\t\t\t<p>La scientom\u00e9trie utilise les m\u00e9tadonn\u00e9es des articles scientifiques pour en extraire de l\u2019information riche sur les activit\u00e9s de recherche, mesur\u00e9es \u00e0 l\u2019aide de divers indicateurs. La date de publication des articles, leurs mots-cl\u00e9s, leurs r\u00e9f\u00e9rences, leurs auteurs et leur affiliation organisationnelle sont tous des exemples de m\u00e9tadonn\u00e9es utilis\u00e9es en scientom\u00e9trie. De plus, le r\u00e9sum\u00e9 complet des articles, souvent index\u00e9 dans les principales bases de donn\u00e9es, peut \u00eatre utilis\u00e9 pour d\u00e9terminer les principaux th\u00e8mes scientifiques des articles.<\/p><p>Ces donn\u00e9es sont harmonis\u00e9es afin d\u2019exclure celles qui sont erron\u00e9es, suspectes ou aberrantes, et des indicateurs sont ensuite calcul\u00e9s pour mesurer diff\u00e9rents aspects des activit\u00e9s de la recherche, tels que la production scientifique, la croissance, l\u2019impact, la collaboration, la sp\u00e9cialisation, le libre acc\u00e8s et la participation des femmes dans la recherche.<\/p><p>Bien entendu, les lacunes et les limites de telles analyses sont nombreuses, mais chez Science-Metrix, nous sommes fiers d\u2019\u00eatre des plus transparents lorsque nous communiquons avec nos clients pour qu\u2019ils comprennent bien les cons\u00e9quences de ces lacunes et qu\u2019ils puissent faire un choix \u00e9clair\u00e9. De plus, nous nous effor\u00e7ons de constamment am\u00e9liorer nos indicateurs en fonction des besoins de nos clients, des progr\u00e8s dans notre domaine et de nos propres standards des plus \u00e9lev\u00e9s. R\u00e9cemment, nous avons agr\u00e9ment\u00e9 les m\u00e9tadonn\u00e9es des publications scientifiques \u00e0 l\u2019aide de sources de donn\u00e9es compl\u00e9mentaires, telles que PlumX, Overton et PATSTAT. Ces sources de donn\u00e9es permettent de mesurer les retomb\u00e9es socio\u00e9conomiques de la recherche \u00e0 plus long terme. La scientom\u00e9trie s\u2019int\u00e9resse aussi de plus en plus aux donn\u00e9es de recherche, telles que les ensembles de donn\u00e9es recueillies lors d\u2019enqu\u00eates et utilis\u00e9es dans la production d\u2019articles scientifiques.<\/p>\t\t\t\t\t\t\t\t<\/div>\n\t\t\t\t<\/div>\n\t\t\t\t\t<\/div>\n\t\t<\/div>\n\t\t\t\t\t<\/div>\n\t\t<\/section>\n\t\t\t\t<section class=\"elementor-section elementor-top-section elementor-element elementor-element-a5e3e35 elementor-section-boxed elementor-section-height-default elementor-section-height-default\" data-id=\"a5e3e35\" data-element_type=\"section\" data-e-type=\"section\">\n\t\t\t\t\t\t<div class=\"elementor-container elementor-column-gap-default\">\n\t\t\t\t\t<div class=\"elementor-column elementor-col-100 elementor-top-column elementor-element elementor-element-80de016\" data-id=\"80de016\" data-element_type=\"column\" data-e-type=\"column\">\n\t\t\t<div class=\"elementor-widget-wrap elementor-element-populated\">\n\t\t\t\t\t\t<div class=\"elementor-element elementor-element-d0d8ede elementor-widget elementor-widget-heading\" data-id=\"d0d8ede\" data-element_type=\"widget\" data-e-type=\"widget\" data-widget_type=\"heading.default\">\n\t\t\t\t<div class=\"elementor-widget-container\">\n\t\t\t\t\t<h2 class=\"elementor-heading-title elementor-size-default\">La technom\u00e9trie<\/h2>\t\t\t\t<\/div>\n\t\t\t\t<\/div>\n\t\t\t\t\t<\/div>\n\t\t<\/div>\n\t\t\t\t\t<\/div>\n\t\t<\/section>\n\t\t\t\t<section class=\"elementor-section elementor-top-section elementor-element elementor-element-59f9621 elementor-section-boxed elementor-section-height-default elementor-section-height-default\" data-id=\"59f9621\" data-element_type=\"section\" data-e-type=\"section\">\n\t\t\t\t\t\t<div class=\"elementor-container elementor-column-gap-default\">\n\t\t\t\t\t<div class=\"elementor-column elementor-col-100 elementor-top-column elementor-element elementor-element-2344835\" data-id=\"2344835\" data-element_type=\"column\" data-e-type=\"column\">\n\t\t\t<div class=\"elementor-widget-wrap elementor-element-populated\">\n\t\t\t\t\t\t<div class=\"elementor-element elementor-element-22ea26b elementor-widget elementor-widget-text-editor\" data-id=\"22ea26b\" data-element_type=\"widget\" data-e-type=\"widget\" data-widget_type=\"text-editor.default\">\n\t\t\t\t<div class=\"elementor-widget-container\">\n\t\t\t\t\t\t\t\t\t<p>Puisque les brevets fournissent une protection formelle aux nouvelles technologies contre la contrefa\u00e7on, la technom\u00e9trie est reconnue comme un ensemble de m\u00e9thodes utilis\u00e9es pour mesurer l\u2019innovation. Ces nouvelles technologies sont de plus en plus d\u00e9velopp\u00e9es gr\u00e2ce \u00e0 la recherche fondamentale. Des \u00e9tudes ont d\u00e9montr\u00e9 qu\u2019il y a effectivement une corr\u00e9lation significative entre les activit\u00e9s de brevetage et l\u2019innovation. Donc, comme les brevets repr\u00e9sentent de nouveaux processus, produits ou technologies, ils peuvent \u00eatre utilis\u00e9s pour mesurer le rendement des compagnies et des pays en mati\u00e8re d\u2019innovation.<\/p><p>Le nombre de brevets, bien qu\u2019il soit simple, est un indicateur reconnu pour mesurer efficacement l\u2019innovation. Effectivement, des \u00e9tudes r\u00e9centes dans le domaine ne mettent pas tant l\u2019accent sur le d\u00e9veloppement de nouveaux indicateurs mais plut\u00f4t sur l\u2019am\u00e9lioration des m\u00e9thodes de traitement des donn\u00e9es pour en arriver \u00e0 un d\u00e9nombrement exact. Le d\u00e9nombrement des brevets est de plus en plus accompagn\u00e9 du nombre de demandes d\u2019enregistrement de marques commerciales et de dessins industriels, deux indicateurs qui mesurent d\u2019autres facettes de l\u2019innovation, mais ces indicateurs ne sont que mesur\u00e9s au niveau r\u00e9gional et national pour l\u2019instant.<\/p>\t\t\t\t\t\t\t\t<\/div>\n\t\t\t\t<\/div>\n\t\t\t\t\t<\/div>\n\t\t<\/div>\n\t\t\t\t\t<\/div>\n\t\t<\/section>\n\t\t\t\t<\/div>","protected":false},"excerpt":{"rendered":"<p>Bibliometrics What is bibliometrics, and what can it contribute to a better understanding of the research landscape? Bibliometrics is a set of methods that use data from databases indexing records of scientific publications and patents, as well as other R&amp;I outputs of growing interest such as designs and trademarks, to derive new insights into these [&hellip;]<\/p>\n","protected":false},"author":2,"featured_media":0,"parent":0,"menu_order":0,"comment_status":"closed","ping_status":"closed","template":"","meta":{"footnotes":""},"class_list":["post-321","page","type-page","status-publish","hentry"],"yoast_head":"<!-- This site is optimized with the Yoast SEO plugin v25.3 - https:\/\/yoast.com\/wordpress\/plugins\/seo\/ -->\n<title>Bibliometrics - Science-Metrix<\/title>\n<meta name=\"robots\" content=\"index, follow, max-snippet:-1, max-image-preview:large, max-video-preview:-1\" \/>\n<link rel=\"canonical\" href=\"https:\/\/www.science-metrix.com\/fr\/bibliometrics\/\" \/>\n<meta property=\"og:locale\" content=\"fr_CA\" \/>\n<meta property=\"og:type\" content=\"article\" \/>\n<meta property=\"og:title\" content=\"Bibliometrics - Science-Metrix\" \/>\n<meta property=\"og:description\" content=\"Bibliometrics What is bibliometrics, and what can it contribute to a better understanding of the research landscape? Bibliometrics is a set of methods that use data from databases indexing records of scientific publications and patents, as well as other R&amp;I outputs of growing interest such as designs and trademarks, to derive new insights into these [&hellip;]\" \/>\n<meta property=\"og:url\" content=\"https:\/\/www.science-metrix.com\/fr\/bibliometrics\/\" \/>\n<meta property=\"og:site_name\" content=\"Science-Metrix\" \/>\n<meta property=\"article:modified_time\" content=\"2021-12-03T22:53:59+00:00\" \/>\n<meta name=\"twitter:card\" content=\"summary_large_image\" \/>\n<meta name=\"twitter:label1\" content=\"Estimation du temps de lecture\" \/>\n\t<meta name=\"twitter:data1\" content=\"4 minutes\" \/>\n<script type=\"application\/ld+json\" class=\"yoast-schema-graph\">{\"@context\":\"https:\/\/schema.org\",\"@graph\":[{\"@type\":\"WebPage\",\"@id\":\"https:\/\/www.science-metrix.com\/fr\/bibliometrics\/\",\"url\":\"https:\/\/www.science-metrix.com\/fr\/bibliometrics\/\",\"name\":\"Bibliometrics - Science-Metrix\",\"isPartOf\":{\"@id\":\"https:\/\/www.science-metrix.com\/fr\/#website\"},\"datePublished\":\"2021-06-10T23:26:39+00:00\",\"dateModified\":\"2021-12-03T22:53:59+00:00\",\"breadcrumb\":{\"@id\":\"https:\/\/www.science-metrix.com\/fr\/bibliometrics\/#breadcrumb\"},\"inLanguage\":\"fr-CA\",\"potentialAction\":[{\"@type\":\"ReadAction\",\"target\":[\"https:\/\/www.science-metrix.com\/fr\/bibliometrics\/\"]}]},{\"@type\":\"BreadcrumbList\",\"@id\":\"https:\/\/www.science-metrix.com\/fr\/bibliometrics\/#breadcrumb\",\"itemListElement\":[{\"@type\":\"ListItem\",\"position\":1,\"name\":\"Home\",\"item\":\"https:\/\/www.science-metrix.com\/fr\/\"},{\"@type\":\"ListItem\",\"position\":2,\"name\":\"Bibliometrics\"}]},{\"@type\":\"WebSite\",\"@id\":\"https:\/\/www.science-metrix.com\/fr\/#website\",\"url\":\"https:\/\/www.science-metrix.com\/fr\/\",\"name\":\"Science-Metrix\",\"description\":\"\",\"publisher\":{\"@id\":\"https:\/\/www.science-metrix.com\/fr\/#organization\"},\"potentialAction\":[{\"@type\":\"SearchAction\",\"target\":{\"@type\":\"EntryPoint\",\"urlTemplate\":\"https:\/\/www.science-metrix.com\/fr\/?s={search_term_string}\"},\"query-input\":{\"@type\":\"PropertyValueSpecification\",\"valueRequired\":true,\"valueName\":\"search_term_string\"}}],\"inLanguage\":\"fr-CA\"},{\"@type\":\"Organization\",\"@id\":\"https:\/\/www.science-metrix.com\/fr\/#organization\",\"name\":\"Science-Metrix\",\"url\":\"https:\/\/www.science-metrix.com\/fr\/\",\"logo\":{\"@type\":\"ImageObject\",\"inLanguage\":\"fr-CA\",\"@id\":\"https:\/\/www.science-metrix.com\/fr\/#\/schema\/logo\/image\/\",\"url\":\"https:\/\/science-metrix.com\/wp-content\/uploads\/2021\/10\/Logo_SM_website.png\",\"contentUrl\":\"https:\/\/science-metrix.com\/wp-content\/uploads\/2021\/10\/Logo_SM_website.png\",\"width\":1493,\"height\":199,\"caption\":\"Science-Metrix\"},\"image\":{\"@id\":\"https:\/\/www.science-metrix.com\/fr\/#\/schema\/logo\/image\/\"}}]}<\/script>\n<!-- \/ Yoast SEO plugin. -->","yoast_head_json":{"title":"Bibliometrics - Science-Metrix","robots":{"index":"index","follow":"follow","max-snippet":"max-snippet:-1","max-image-preview":"max-image-preview:large","max-video-preview":"max-video-preview:-1"},"canonical":"https:\/\/www.science-metrix.com\/fr\/bibliometrics\/","og_locale":"fr_CA","og_type":"article","og_title":"Bibliometrics - Science-Metrix","og_description":"Bibliometrics What is bibliometrics, and what can it contribute to a better understanding of the research landscape? Bibliometrics is a set of methods that use data from databases indexing records of scientific publications and patents, as well as other R&amp;I outputs of growing interest such as designs and trademarks, to derive new insights into these [&hellip;]","og_url":"https:\/\/www.science-metrix.com\/fr\/bibliometrics\/","og_site_name":"Science-Metrix","article_modified_time":"2021-12-03T22:53:59+00:00","twitter_card":"summary_large_image","twitter_misc":{"Estimation du temps de lecture":"4 minutes"},"schema":{"@context":"https:\/\/schema.org","@graph":[{"@type":"WebPage","@id":"https:\/\/www.science-metrix.com\/fr\/bibliometrics\/","url":"https:\/\/www.science-metrix.com\/fr\/bibliometrics\/","name":"Bibliometrics - Science-Metrix","isPartOf":{"@id":"https:\/\/www.science-metrix.com\/fr\/#website"},"datePublished":"2021-06-10T23:26:39+00:00","dateModified":"2021-12-03T22:53:59+00:00","breadcrumb":{"@id":"https:\/\/www.science-metrix.com\/fr\/bibliometrics\/#breadcrumb"},"inLanguage":"fr-CA","potentialAction":[{"@type":"ReadAction","target":["https:\/\/www.science-metrix.com\/fr\/bibliometrics\/"]}]},{"@type":"BreadcrumbList","@id":"https:\/\/www.science-metrix.com\/fr\/bibliometrics\/#breadcrumb","itemListElement":[{"@type":"ListItem","position":1,"name":"Home","item":"https:\/\/www.science-metrix.com\/fr\/"},{"@type":"ListItem","position":2,"name":"Bibliometrics"}]},{"@type":"WebSite","@id":"https:\/\/www.science-metrix.com\/fr\/#website","url":"https:\/\/www.science-metrix.com\/fr\/","name":"Science-Metrix","description":"","publisher":{"@id":"https:\/\/www.science-metrix.com\/fr\/#organization"},"potentialAction":[{"@type":"SearchAction","target":{"@type":"EntryPoint","urlTemplate":"https:\/\/www.science-metrix.com\/fr\/?s={search_term_string}"},"query-input":{"@type":"PropertyValueSpecification","valueRequired":true,"valueName":"search_term_string"}}],"inLanguage":"fr-CA"},{"@type":"Organization","@id":"https:\/\/www.science-metrix.com\/fr\/#organization","name":"Science-Metrix","url":"https:\/\/www.science-metrix.com\/fr\/","logo":{"@type":"ImageObject","inLanguage":"fr-CA","@id":"https:\/\/www.science-metrix.com\/fr\/#\/schema\/logo\/image\/","url":"https:\/\/science-metrix.com\/wp-content\/uploads\/2021\/10\/Logo_SM_website.png","contentUrl":"https:\/\/science-metrix.com\/wp-content\/uploads\/2021\/10\/Logo_SM_website.png","width":1493,"height":199,"caption":"Science-Metrix"},"image":{"@id":"https:\/\/www.science-metrix.com\/fr\/#\/schema\/logo\/image\/"}}]}},"jetpack_sharing_enabled":true,"_links":{"self":[{"href":"https:\/\/science-metrix.com\/fr\/wp-json\/wp\/v2\/pages\/321","targetHints":{"allow":["GET"]}}],"collection":[{"href":"https:\/\/science-metrix.com\/fr\/wp-json\/wp\/v2\/pages"}],"about":[{"href":"https:\/\/science-metrix.com\/fr\/wp-json\/wp\/v2\/types\/page"}],"author":[{"embeddable":true,"href":"https:\/\/science-metrix.com\/fr\/wp-json\/wp\/v2\/users\/2"}],"replies":[{"embeddable":true,"href":"https:\/\/science-metrix.com\/fr\/wp-json\/wp\/v2\/comments?post=321"}],"version-history":[{"count":43,"href":"https:\/\/science-metrix.com\/fr\/wp-json\/wp\/v2\/pages\/321\/revisions"}],"predecessor-version":[{"id":4047,"href":"https:\/\/science-metrix.com\/fr\/wp-json\/wp\/v2\/pages\/321\/revisions\/4047"}],"wp:attachment":[{"href":"https:\/\/science-metrix.com\/fr\/wp-json\/wp\/v2\/media?parent=321"}],"curies":[{"name":"wp","href":"https:\/\/api.w.org\/{rel}","templated":true}]}}