{"id":311,"date":"2021-06-07T20:32:49","date_gmt":"2021-06-07T20:32:49","guid":{"rendered":"https:\/\/www.science-metrix.com\/?page_id=311"},"modified":"2021-09-01T13:31:07","modified_gmt":"2021-09-01T13:31:07","slug":"publications","status":"publish","type":"page","link":"https:\/\/science-metrix.com\/fr\/publications\/","title":{"rendered":"Publications"},"content":{"rendered":"<div data-elementor-type=\"wp-page\" data-elementor-id=\"311\" class=\"elementor elementor-311\" data-elementor-post-type=\"page\">\n\t\t\t\t\t\t<section class=\"elementor-section elementor-top-section elementor-element elementor-element-714e2aa elementor-section-boxed elementor-section-height-default elementor-section-height-default\" data-id=\"714e2aa\" data-element_type=\"section\" data-e-type=\"section\">\n\t\t\t\t\t\t<div class=\"elementor-container elementor-column-gap-default\">\n\t\t\t\t\t<div class=\"elementor-column elementor-col-100 elementor-top-column elementor-element elementor-element-cd3afed\" data-id=\"cd3afed\" data-element_type=\"column\" data-e-type=\"column\">\n\t\t\t<div class=\"elementor-widget-wrap elementor-element-populated\">\n\t\t\t\t\t\t<div class=\"elementor-element elementor-element-a58e5fd elementor-hidden-tablet elementor-hidden-mobile elementor-widget elementor-widget-spacer\" data-id=\"a58e5fd\" data-element_type=\"widget\" data-e-type=\"widget\" data-widget_type=\"spacer.default\">\n\t\t\t\t<div class=\"elementor-widget-container\">\n\t\t\t\t\t\t\t<div class=\"elementor-spacer\">\n\t\t\t<div class=\"elementor-spacer-inner\"><\/div>\n\t\t<\/div>\n\t\t\t\t\t\t<\/div>\n\t\t\t\t<\/div>\n\t\t\t\t<div class=\"elementor-element elementor-element-c2789cf elementor-widget elementor-widget-heading\" data-id=\"c2789cf\" data-element_type=\"widget\" data-e-type=\"widget\" data-widget_type=\"heading.default\">\n\t\t\t\t<div class=\"elementor-widget-container\">\n\t\t\t\t\t<h2 class=\"elementor-heading-title elementor-size-default\">Publications<\/h2>\t\t\t\t<\/div>\n\t\t\t\t<\/div>\n\t\t\t\t<div class=\"elementor-element elementor-element-3cc98a5 elementor-widget elementor-widget-text-editor\" data-id=\"3cc98a5\" data-element_type=\"widget\" data-e-type=\"widget\" data-widget_type=\"text-editor.default\">\n\t\t\t\t<div class=\"elementor-widget-container\">\n\t\t\t\t\t\t\t\t\t<p>Science-Metrix r\u00e9dige un \u00e9ventail de rapports d\u00e9taill\u00e9s qui abordent les questions que posent nos clients sur leur rendement en mati\u00e8re de R&amp;I. Nous r\u00e9digeons des analyses de grande qualit\u00e9, accompagn\u00e9es d\u2019\u00e9l\u00e9ments visuels qui mettent l\u2019accent sur les r\u00e9sultats probants de mani\u00e8re claire, concise et accessible.<\/p><p>De plus, nous sommes activement impliqu\u00e9s dans la communaut\u00e9 d\u2019\u00e9valuation de la recherche en participant r\u00e9guli\u00e8rement \u00e0 des conf\u00e9rences et en publiant des articles scientifiques. Nous am\u00e9liorons continuellement nos indicateurs et notre m\u00e9thodologie, et nous partageons le fruit de ces am\u00e9liorations avec la communaut\u00e9 dans l\u2019espoir de faire progresser notre domaine.<\/p><p>Cliquez sur les liens ci-dessous pour consulter plusieurs de nos rapports, nos articles scientifiques et nos pr\u00e9sentations.\u00a0<span style=\"color: var( --e-global-color-text ); font-weight: var( --e-global-typography-text-font-weight ); letter-spacing: 0px;\">scientific publications and\u00a0<\/span><span style=\"color: var( --e-global-color-text ); font-weight: var( --e-global-typography-text-font-weight ); letter-spacing: 0px;\">presentations.<\/span><\/p>\t\t\t\t\t\t\t\t<\/div>\n\t\t\t\t<\/div>\n\t\t\t\t<div class=\"elementor-element elementor-element-ec49412 elementor-widget elementor-widget-spacer\" data-id=\"ec49412\" data-element_type=\"widget\" data-e-type=\"widget\" data-widget_type=\"spacer.default\">\n\t\t\t\t<div class=\"elementor-widget-container\">\n\t\t\t\t\t\t\t<div class=\"elementor-spacer\">\n\t\t\t<div class=\"elementor-spacer-inner\"><\/div>\n\t\t<\/div>\n\t\t\t\t\t\t<\/div>\n\t\t\t\t<\/div>\n\t\t\t\t\t<\/div>\n\t\t<\/div>\n\t\t\t\t\t<\/div>\n\t\t<\/section>\n\t\t\t\t<section class=\"elementor-section elementor-top-section elementor-element elementor-element-a0bbb4a elementor-section-boxed elementor-section-height-default elementor-section-height-default\" data-id=\"a0bbb4a\" data-element_type=\"section\" data-e-type=\"section\">\n\t\t\t\t\t\t<div class=\"elementor-container elementor-column-gap-default\">\n\t\t\t\t\t<div class=\"elementor-column elementor-col-33 elementor-top-column elementor-element elementor-element-b15595c\" data-id=\"b15595c\" data-element_type=\"column\" data-e-type=\"column\">\n\t\t\t<div class=\"elementor-widget-wrap elementor-element-populated\">\n\t\t\t\t\t\t<div class=\"elementor-element elementor-element-da2dd40 elementor-view-default elementor-position-block-start elementor-mobile-position-block-start elementor-widget elementor-widget-icon-box\" data-id=\"da2dd40\" data-element_type=\"widget\" data-e-type=\"widget\" data-widget_type=\"icon-box.default\">\n\t\t\t\t<div class=\"elementor-widget-container\">\n\t\t\t\t\t\t\t<div class=\"elementor-icon-box-wrapper\">\n\n\t\t\t\t\t\t<div class=\"elementor-icon-box-icon\">\n\t\t\t\t<a href=\"https:\/\/science-metrix.com\/fr\/reports\/\" class=\"elementor-icon\" tabindex=\"-1\" aria-label=\"Rapports\">\n\t\t\t\t<svg xmlns=\"http:\/\/www.w3.org\/2000\/svg\" viewbox=\"0 0 128 128\" height=\"128\" width=\"128\"><defs><clippath clippathunits=\"userSpaceOnUse\" id=\"0075-journal-clipPath\"><path d=\"M105.718 21.508a423.36 423.36 0 0 0-4.574-4.51l-.006.004A9.966 9.966 0 0 0 94 14H47v16.5L29 107l.92.92a13.927 13.927 0 0 0 9.849 4.08H99c5.523 0 10-4.477 10-10V29c0-2.933-1.367-5.562-3.282-7.492\"><\/path><\/clippath><\/defs><path d=\"M94 107H41V14h53c5.523 0 10 4.477 10 10v73c0 5.523-4.477 10-10 10\" fill=\"#acd2ff\"><\/path><path clip-path=\"url(#0075-journal-clipPath)\" d=\"M123 124l4-4m0-4l-8 8m-4 0l12-12m0-4l-16 16m-4 0l20-20m0-4l-24 24m-4 0l28-28m0-4l-32 32m-4 0l36-36m0-4l-40 40m-4 0l44-44m0-4l-48 48m-4 0l52-52m0-4l-56 56m-4 0l60-60m0-4l-64 64m-4 0l68-68m0-4l-72 72m-4 0l76-76m0-4l-80 80m-4 0l84-84m0-4l-88 88m-4 0l92-92m0-4l-96 96m-4 0L127 24m0-4L23 124m-4 0L127 16m0-4L15 124m-4 0L127 8m0-4L7 124m0-4L123 4m-4 0L7 116m0-4L115 4m-4 0L7 108m0-4L107 4m-4 0L7 100m0-4L99 4m-4 0L7 92m0-4L91 4m-4 0L7 84m0-4L83 4m-4 0L7 76m0-4L75 4m-4 0L7 68m0-4L67 4m-4 0L7 60m0-4L59 4m-4 0L7 52m0-4L51 4m-4 0L7 44m0-4L43 4m-4 0L7 36m0-4L35 4m-4 0L7 28m0-4L27 4m-4 0L7 20m0-4L19 4m-4 0l-8 8m0-4l4-4\" fill=\"none\" stroke=\"#343741\" stroke-linecap=\"square\" stroke-width=\".2\"><\/path><path d=\"M39 107h8V14h-8c-5.523 0-10 4.477-10 10v73c0 5.523 4.477 10 10 10\" fill=\"#acd2ff\"><\/path><path d=\"M20 28h18v8H20zm0 19h18v8H20zm0 19h18v8H20zm0 19h18v8H20z\" fill=\"#3679e0\"><\/path><path d=\"M53 36h33v19H53z\" fill=\"#fff\"><\/path><path d=\"M29 28h9v8h-9zm0 19h9v8h-9zm0 19h9v8h-9zm0 19h9v8h-9z\" fill=\"#005ce0\"><\/path><\/svg>\t\t\t\t<\/a>\n\t\t\t<\/div>\n\t\t\t\n\t\t\t\t\t\t<div class=\"elementor-icon-box-content\">\n\n\t\t\t\t\t\t\t\t\t<h3 class=\"elementor-icon-box-title\">\n\t\t\t\t\t\t<a href=\"https:\/\/science-metrix.com\/fr\/reports\/\" >\n\t\t\t\t\t\t\tRapports\t\t\t\t\t\t<\/a>\n\t\t\t\t\t<\/h3>\n\t\t\t\t\n\t\t\t\t\t\t\t\t\t<p class=\"elementor-icon-box-description\">\n\t\t\t\t\t\tNous r\u00e9digeons des rapports d\u00e9taill\u00e9s qui abordent les besoins et les questions d\u2019\u00e9valuation de nos clients. Cliquez ici pour consulter des rapports que nous avons r\u00e9dig\u00e9s, disponibles publiquement.\t\t\t\t\t<\/p>\n\t\t\t\t\n\t\t\t<\/div>\n\t\t\t\n\t\t<\/div>\n\t\t\t\t\t\t<\/div>\n\t\t\t\t<\/div>\n\t\t\t\t\t<\/div>\n\t\t<\/div>\n\t\t\t\t<div class=\"elementor-column elementor-col-33 elementor-top-column elementor-element elementor-element-2cadc25\" data-id=\"2cadc25\" data-element_type=\"column\" data-e-type=\"column\">\n\t\t\t<div class=\"elementor-widget-wrap elementor-element-populated\">\n\t\t\t\t\t\t<div class=\"elementor-element elementor-element-7f3d32d elementor-view-default elementor-position-block-start elementor-mobile-position-block-start elementor-widget elementor-widget-icon-box\" data-id=\"7f3d32d\" data-element_type=\"widget\" data-e-type=\"widget\" data-widget_type=\"icon-box.default\">\n\t\t\t\t<div class=\"elementor-widget-container\">\n\t\t\t\t\t\t\t<div class=\"elementor-icon-box-wrapper\">\n\n\t\t\t\t\t\t<div class=\"elementor-icon-box-icon\">\n\t\t\t\t<a href=\"https:\/\/science-metrix.com\/fr\/peer-reviewed-papers\/\" class=\"elementor-icon\" tabindex=\"-1\" aria-label=\"Articles scientifiques\">\n\t\t\t\t<svg xmlns=\"http:\/\/www.w3.org\/2000\/svg\" viewbox=\"0 0 128 128\" height=\"128\" width=\"128\"><defs><clippath clippathunits=\"userSpaceOnUse\" id=\"eden-article-clipPath\"><path d=\"M86.39 9.939H25.797V118.06h76.406V25.75L86.39 9.939\" stroke-width=\".903\"><\/path><\/clippath><\/defs><path d=\"M86.343 9.94l15.86 15.858h-15.86z\" fill=\"#3679e0\"><\/path><path clip-path=\"url(#eden-article-clipPath)\" d=\"M125 116l-4 4m-4 0l8-8m0-4l-12 12m-4 0l16-16m0-4l-20 20m-4 0l24-24m0-4l-28 28m-4 0l32-32m0-4l-36 36m-4 0l40-40m0-4l-44 44m-4 0l48-48m0-4l-52 52m-4 0l56-56m0-4l-60 60m-4 0l64-64m0-4l-68 68m-4 0l72-72m0-4l-76 76m-4 0l80-80m0-4l-84 84m-4 0l88-88m0-4l-92 92m-4 0l96-96m0-4L25 120m-4 0L125 16m0-4L17 120m-4 0L125 8m0-4L9 120m-4 0L125 0m-4 0L5 116m0-4L117 0m-4 0L5 108m0-4L109 0m-4 0L5 100m0-4l96-96m-4 0L5 92m0-4L93 0m-4 0L5 84m0-4L85 0m-4 0L5 76m0-4L77 0m-4 0L5 68m0-4L69 0m-4 0L5 60m0-4L61 0m-4 0L5 52m0-4L53 0m-4 0L5 44m0-4L45 0m-4 0L5 36m0-4L37 0m-4 0L5 28m0-4L29 0m-4 0L5 20m0-4L21 0m-4 0L5 12m0-4l8-8M9 0L5 4\" fill=\"none\" stroke=\"#343741\" stroke-linecap=\"square\" stroke-width=\".2\"><\/path><path d=\"M38.77 41.106v7.364h50.456v-7.364zm0 15.138v7.36h50.456v-7.36zm0 15.138v7.36h50.456v-7.36zm0 15.135v7.363h50.456v-7.363z\" fill=\"#acd2ff\"><\/path><\/svg>\t\t\t\t<\/a>\n\t\t\t<\/div>\n\t\t\t\n\t\t\t\t\t\t<div class=\"elementor-icon-box-content\">\n\n\t\t\t\t\t\t\t\t\t<h3 class=\"elementor-icon-box-title\">\n\t\t\t\t\t\t<a href=\"https:\/\/science-metrix.com\/fr\/peer-reviewed-papers\/\" >\n\t\t\t\t\t\t\tArticles scientifiques\t\t\t\t\t\t<\/a>\n\t\t\t\t\t<\/h3>\n\t\t\t\t\n\t\t\t\t\t\t\t\t\t<p class=\"elementor-icon-box-description\">\n\t\t\t\t\t\tNotre \u00e9quipe est activement impliqu\u00e9e dans la communaut\u00e9 d\u2019\u00e9valuation de la recherche et contribue r\u00e9guli\u00e8rement \u00e0 des conf\u00e9rences et \u00e0 la litt\u00e9rature scientifique. Cliquez ici pour consulter les articles \u00e9valu\u00e9s par les pairs que nous avons publi\u00e9s.\t\t\t\t\t<\/p>\n\t\t\t\t\n\t\t\t<\/div>\n\t\t\t\n\t\t<\/div>\n\t\t\t\t\t\t<\/div>\n\t\t\t\t<\/div>\n\t\t\t\t\t<\/div>\n\t\t<\/div>\n\t\t\t\t<div class=\"elementor-column elementor-col-33 elementor-top-column elementor-element elementor-element-653e03b\" data-id=\"653e03b\" data-element_type=\"column\" data-e-type=\"column\">\n\t\t\t<div class=\"elementor-widget-wrap elementor-element-populated\">\n\t\t\t\t\t\t<div class=\"elementor-element elementor-element-ebd6f6b elementor-view-default elementor-position-block-start elementor-mobile-position-block-start elementor-widget elementor-widget-icon-box\" data-id=\"ebd6f6b\" data-element_type=\"widget\" data-e-type=\"widget\" data-widget_type=\"icon-box.default\">\n\t\t\t\t<div class=\"elementor-widget-container\">\n\t\t\t\t\t\t\t<div class=\"elementor-icon-box-wrapper\">\n\n\t\t\t\t\t\t<div class=\"elementor-icon-box-icon\">\n\t\t\t\t<a href=\"https:\/\/science-metrix.com\/fr\/presentations\/\" class=\"elementor-icon\" tabindex=\"-1\" aria-label=\"Pr\u00e9sentations\">\n\t\t\t\t<svg xmlns=\"http:\/\/www.w3.org\/2000\/svg\" viewbox=\"0 0 128 128\" height=\"128\" width=\"128\"><defs><clippath clippathunits=\"userSpaceOnUse\" id=\"0091-customer-support-clipPath\"><path d=\"M112.691 95.276c-2.784-2.78-6.842-5.191-12.771-6.67a46.747 46.747 0 0 0-4.306-.853h-.005L85.5 110.359 75.39 87.752l-.014.001a46.535 46.535 0 0 0-4.581.922c-5.758 1.478-9.726 3.843-12.466 6.564-5.046 5.011-5.933 11.233-6.171 15.371C52.077 112.03 52 114 52 114h67s-.081-1.977-.165-3.388c-.246-4.14-1.137-10.337-6.144-15.336\"><\/path><\/clippath><\/defs><path d=\"M119 114s-.081-1.988-.166-3.409c-.248-4.14-1.145-10.324-6.143-15.315-2.784-2.78-6.842-5.191-12.771-6.67a46.747 46.747 0 0 0-4.306-.853c-2.972-.45-6.328-.699-10.116-.699-3.791 0-7.148.249-10.122.699a46.535 46.535 0 0 0-4.581.922c-5.758 1.478-9.726 3.843-12.466 6.564-5.033 4.997-5.928 11.199-6.169 15.338C52.077 112.011 52 114 52 114h67\" fill=\"#3679e0\"><\/path><path d=\"M17.271 14h55.487C77.841 14 82 18.097 82 23.104v40.791C82 68.903 77.841 73 72.758 73H56v9.989c0 2.153-2.631 3.252-4.21 1.759L39.367 73H17.271C12.172 73 8 68.903 8 63.895V23.104C8 18.097 12.172 14 17.271 14\" fill=\"#acd2ff\"><\/path><path d=\"M85.499 42.465c-2.444 0-4.793.528-6.937 1.474-3.518 1.553-6.489 4.233-8.439 7.559-1.569 2.677-2.477 5.773-2.477 9.037 0 1.467.11 2.891.322 4.261.447 2.892 1.345 5.543 2.612 7.853a20.407 20.407 0 0 0 1.992 2.983C75.774 79.603 80.312 82 85.499 82c10.18 0 17.855-9.228 17.855-21.465 0-9.796-8.176-18.07-17.855-18.07\" fill=\"#3679e0\"><\/path><path d=\"M82 63.895V42.834a17.436 17.436 0 0 0-3.438 1.105c-3.518 1.553-6.489 4.233-8.439 7.559-1.569 2.677-2.477 5.773-2.477 9.037 0 1.467.11 2.891.322 4.261.447 2.892 1.345 5.543 2.612 7.853.067.121.145.231.213.351h1.965C77.841 73 82 68.903 82 63.895\" fill=\"#005ce0\"><\/path><path clip-path=\"url(#0091-customer-support-clipPath)\" d=\"M124 128l4-4m0-4l-8 8m-4 0l12-12m0-4l-16 16m-4 0l20-20m0-4l-24 24m-4 0l28-28m0-4l-32 32m-4 0l36-36m0-4l-40 40m-4 0l44-44m0-4l-48 48m-4 0l52-52m0-4l-56 56m-4 0l60-60m0-4l-64 64m-4 0l68-68m0-4l-72 72m-4 0l76-76m0-4l-80 80m-4 0l84-84m0-4l-88 88m-4 0l92-92m0-4l-96 96m-4 0L128 28m0-4L24 128m-4 0L128 20m0-4L16 128m-4 0L128 12m0-4L8 128m-4 0L128 4m0-4L0 128m0-4L124 0m-4 0L0 120m0-4L116 0m-4 0L0 112m0-4L108 0m-4 0L0 104m0-4L100 0m-4 0L0 96m0-4L92 0m-4 0L0 88m0-4L84 0m-4 0L0 80m0-4L76 0m-4 0L0 72m0-4L68 0m-4 0L0 64m0-4L60 0m-4 0L0 56m0-4L52 0m-4 0L0 48m0-4L44 0m-4 0L0 40m0-4L36 0m-4 0L0 32m0-4L28 0m-4 0L0 24m0-4L20 0m-4 0L0 16m0-4L12 0M8 0L0 8m0-4l4-4\" fill=\"none\" stroke=\"#343741\" stroke-linecap=\"square\" stroke-width=\".2\"><\/path><\/svg>\t\t\t\t<\/a>\n\t\t\t<\/div>\n\t\t\t\n\t\t\t\t\t\t<div class=\"elementor-icon-box-content\">\n\n\t\t\t\t\t\t\t\t\t<h3 class=\"elementor-icon-box-title\">\n\t\t\t\t\t\t<a href=\"https:\/\/science-metrix.com\/fr\/presentations\/\" >\n\t\t\t\t\t\t\tPr\u00e9sentations\t\t\t\t\t\t<\/a>\n\t\t\t\t\t<\/h3>\n\t\t\t\t\n\t\t\t\t\t\t\t\t\t<p class=\"elementor-icon-box-description\">\n\t\t\t\t\t\tQue ce soit lors de conf\u00e9rences ou dans le cadre d\u2019ateliers organis\u00e9s par nos clients, notre \u00e9quipe a l\u2019exp\u00e9rience n\u00e9cessaire pour pr\u00e9senter les r\u00e9sultats de nos \u00e9tudes de mani\u00e8re claire et accessible, \u00e0 l\u2019intention d\u2019un auditoire diversifi\u00e9. Cliquez ici pour consulter quelques-unes de nos pr\u00e9sentations.\t\t\t\t\t<\/p>\n\t\t\t\t\n\t\t\t<\/div>\n\t\t\t\n\t\t<\/div>\n\t\t\t\t\t\t<\/div>\n\t\t\t\t<\/div>\n\t\t\t\t\t<\/div>\n\t\t<\/div>\n\t\t\t\t\t<\/div>\n\t\t<\/section>\n\t\t\t\t<section class=\"elementor-section elementor-top-section elementor-element elementor-element-b90a2bf elementor-section-boxed elementor-section-height-default elementor-section-height-default\" data-id=\"b90a2bf\" data-element_type=\"section\" data-e-type=\"section\">\n\t\t\t\t\t\t<div class=\"elementor-container elementor-column-gap-default\">\n\t\t\t\t\t<div class=\"elementor-column elementor-col-100 elementor-top-column elementor-element elementor-element-458640a\" data-id=\"458640a\" data-element_type=\"column\" data-e-type=\"column\">\n\t\t\t<div class=\"elementor-widget-wrap elementor-element-populated\">\n\t\t\t\t\t\t<div class=\"elementor-element elementor-element-7c2ef70 elementor-widget elementor-widget-spacer\" data-id=\"7c2ef70\" data-element_type=\"widget\" data-e-type=\"widget\" data-widget_type=\"spacer.default\">\n\t\t\t\t<div class=\"elementor-widget-container\">\n\t\t\t\t\t\t\t<div class=\"elementor-spacer\">\n\t\t\t<div class=\"elementor-spacer-inner\"><\/div>\n\t\t<\/div>\n\t\t\t\t\t\t<\/div>\n\t\t\t\t<\/div>\n\t\t\t\t\t<\/div>\n\t\t<\/div>\n\t\t\t\t\t<\/div>\n\t\t<\/section>\n\t\t\t\t<\/div>","protected":false},"excerpt":{"rendered":"<p>Publications Science-Metrix produces a range of detailed reports to address the needs of our clients. We take pride in generating high-quality analytical and visual elements to ensure that the key takeaways from our studies are clear, accessible and actionable. In addition, Science-Metrix regularly contributes to the bibliometric and research evaluation community through national and international [&hellip;]<\/p>\n","protected":false},"author":2,"featured_media":0,"parent":0,"menu_order":0,"comment_status":"closed","ping_status":"closed","template":"","meta":{"footnotes":""},"class_list":["post-311","page","type-page","status-publish","hentry"],"yoast_head":"<!-- This site is optimized with the Yoast SEO plugin v25.3 - https:\/\/yoast.com\/wordpress\/plugins\/seo\/ -->\n<title>Publications - Science-Metrix<\/title>\n<meta name=\"robots\" content=\"index, follow, max-snippet:-1, max-image-preview:large, max-video-preview:-1\" \/>\n<link rel=\"canonical\" href=\"https:\/\/mail.wp135259.wpdns.ca\/fr\/publications\/\" \/>\n<meta property=\"og:locale\" content=\"fr_CA\" \/>\n<meta property=\"og:type\" content=\"article\" \/>\n<meta property=\"og:title\" content=\"Publications - Science-Metrix\" \/>\n<meta property=\"og:description\" content=\"Publications Science-Metrix produces a range of detailed reports to address the needs of our clients. We take pride in generating high-quality analytical and visual elements to ensure that the key takeaways from our studies are clear, accessible and actionable. In addition, Science-Metrix regularly contributes to the bibliometric and research evaluation community through national and international [&hellip;]\" \/>\n<meta property=\"og:url\" content=\"https:\/\/mail.wp135259.wpdns.ca\/fr\/publications\/\" \/>\n<meta property=\"og:site_name\" content=\"Science-Metrix\" \/>\n<meta property=\"article:modified_time\" content=\"2021-09-01T13:31:07+00:00\" \/>\n<meta name=\"twitter:card\" content=\"summary_large_image\" \/>\n<meta name=\"twitter:label1\" content=\"Estimation du temps de lecture\" \/>\n\t<meta name=\"twitter:data1\" content=\"1 minute\" \/>\n<script type=\"application\/ld+json\" class=\"yoast-schema-graph\">{\"@context\":\"https:\/\/schema.org\",\"@graph\":[{\"@type\":\"WebPage\",\"@id\":\"https:\/\/mail.wp135259.wpdns.ca\/fr\/publications\/\",\"url\":\"https:\/\/mail.wp135259.wpdns.ca\/fr\/publications\/\",\"name\":\"Publications - Science-Metrix\",\"isPartOf\":{\"@id\":\"https:\/\/www.science-metrix.com\/fr\/#website\"},\"datePublished\":\"2021-06-07T20:32:49+00:00\",\"dateModified\":\"2021-09-01T13:31:07+00:00\",\"breadcrumb\":{\"@id\":\"https:\/\/mail.wp135259.wpdns.ca\/fr\/publications\/#breadcrumb\"},\"inLanguage\":\"fr-CA\",\"potentialAction\":[{\"@type\":\"ReadAction\",\"target\":[\"https:\/\/mail.wp135259.wpdns.ca\/fr\/publications\/\"]}]},{\"@type\":\"BreadcrumbList\",\"@id\":\"https:\/\/mail.wp135259.wpdns.ca\/fr\/publications\/#breadcrumb\",\"itemListElement\":[{\"@type\":\"ListItem\",\"position\":1,\"name\":\"Home\",\"item\":\"https:\/\/www.science-metrix.com\/fr\/\"},{\"@type\":\"ListItem\",\"position\":2,\"name\":\"Publications\"}]},{\"@type\":\"WebSite\",\"@id\":\"https:\/\/www.science-metrix.com\/fr\/#website\",\"url\":\"https:\/\/www.science-metrix.com\/fr\/\",\"name\":\"Science-Metrix\",\"description\":\"\",\"publisher\":{\"@id\":\"https:\/\/www.science-metrix.com\/fr\/#organization\"},\"potentialAction\":[{\"@type\":\"SearchAction\",\"target\":{\"@type\":\"EntryPoint\",\"urlTemplate\":\"https:\/\/www.science-metrix.com\/fr\/?s={search_term_string}\"},\"query-input\":{\"@type\":\"PropertyValueSpecification\",\"valueRequired\":true,\"valueName\":\"search_term_string\"}}],\"inLanguage\":\"fr-CA\"},{\"@type\":\"Organization\",\"@id\":\"https:\/\/www.science-metrix.com\/fr\/#organization\",\"name\":\"Science-Metrix\",\"url\":\"https:\/\/www.science-metrix.com\/fr\/\",\"logo\":{\"@type\":\"ImageObject\",\"inLanguage\":\"fr-CA\",\"@id\":\"https:\/\/www.science-metrix.com\/fr\/#\/schema\/logo\/image\/\",\"url\":\"https:\/\/science-metrix.com\/wp-content\/uploads\/2021\/10\/Logo_SM_website.png\",\"contentUrl\":\"https:\/\/science-metrix.com\/wp-content\/uploads\/2021\/10\/Logo_SM_website.png\",\"width\":1493,\"height\":199,\"caption\":\"Science-Metrix\"},\"image\":{\"@id\":\"https:\/\/www.science-metrix.com\/fr\/#\/schema\/logo\/image\/\"}}]}<\/script>\n<!-- \/ Yoast SEO plugin. -->","yoast_head_json":{"title":"Publications - Science-Metrix","robots":{"index":"index","follow":"follow","max-snippet":"max-snippet:-1","max-image-preview":"max-image-preview:large","max-video-preview":"max-video-preview:-1"},"canonical":"https:\/\/mail.wp135259.wpdns.ca\/fr\/publications\/","og_locale":"fr_CA","og_type":"article","og_title":"Publications - Science-Metrix","og_description":"Publications Science-Metrix produces a range of detailed reports to address the needs of our clients. We take pride in generating high-quality analytical and visual elements to ensure that the key takeaways from our studies are clear, accessible and actionable. In addition, Science-Metrix regularly contributes to the bibliometric and research evaluation community through national and international [&hellip;]","og_url":"https:\/\/mail.wp135259.wpdns.ca\/fr\/publications\/","og_site_name":"Science-Metrix","article_modified_time":"2021-09-01T13:31:07+00:00","twitter_card":"summary_large_image","twitter_misc":{"Estimation du temps de lecture":"1 minute"},"schema":{"@context":"https:\/\/schema.org","@graph":[{"@type":"WebPage","@id":"https:\/\/mail.wp135259.wpdns.ca\/fr\/publications\/","url":"https:\/\/mail.wp135259.wpdns.ca\/fr\/publications\/","name":"Publications - Science-Metrix","isPartOf":{"@id":"https:\/\/www.science-metrix.com\/fr\/#website"},"datePublished":"2021-06-07T20:32:49+00:00","dateModified":"2021-09-01T13:31:07+00:00","breadcrumb":{"@id":"https:\/\/mail.wp135259.wpdns.ca\/fr\/publications\/#breadcrumb"},"inLanguage":"fr-CA","potentialAction":[{"@type":"ReadAction","target":["https:\/\/mail.wp135259.wpdns.ca\/fr\/publications\/"]}]},{"@type":"BreadcrumbList","@id":"https:\/\/mail.wp135259.wpdns.ca\/fr\/publications\/#breadcrumb","itemListElement":[{"@type":"ListItem","position":1,"name":"Home","item":"https:\/\/www.science-metrix.com\/fr\/"},{"@type":"ListItem","position":2,"name":"Publications"}]},{"@type":"WebSite","@id":"https:\/\/www.science-metrix.com\/fr\/#website","url":"https:\/\/www.science-metrix.com\/fr\/","name":"Science-Metrix","description":"","publisher":{"@id":"https:\/\/www.science-metrix.com\/fr\/#organization"},"potentialAction":[{"@type":"SearchAction","target":{"@type":"EntryPoint","urlTemplate":"https:\/\/www.science-metrix.com\/fr\/?s={search_term_string}"},"query-input":{"@type":"PropertyValueSpecification","valueRequired":true,"valueName":"search_term_string"}}],"inLanguage":"fr-CA"},{"@type":"Organization","@id":"https:\/\/www.science-metrix.com\/fr\/#organization","name":"Science-Metrix","url":"https:\/\/www.science-metrix.com\/fr\/","logo":{"@type":"ImageObject","inLanguage":"fr-CA","@id":"https:\/\/www.science-metrix.com\/fr\/#\/schema\/logo\/image\/","url":"https:\/\/science-metrix.com\/wp-content\/uploads\/2021\/10\/Logo_SM_website.png","contentUrl":"https:\/\/science-metrix.com\/wp-content\/uploads\/2021\/10\/Logo_SM_website.png","width":1493,"height":199,"caption":"Science-Metrix"},"image":{"@id":"https:\/\/www.science-metrix.com\/fr\/#\/schema\/logo\/image\/"}}]}},"jetpack_sharing_enabled":true,"_links":{"self":[{"href":"https:\/\/science-metrix.com\/fr\/wp-json\/wp\/v2\/pages\/311","targetHints":{"allow":["GET"]}}],"collection":[{"href":"https:\/\/science-metrix.com\/fr\/wp-json\/wp\/v2\/pages"}],"about":[{"href":"https:\/\/science-metrix.com\/fr\/wp-json\/wp\/v2\/types\/page"}],"author":[{"embeddable":true,"href":"https:\/\/science-metrix.com\/fr\/wp-json\/wp\/v2\/users\/2"}],"replies":[{"embeddable":true,"href":"https:\/\/science-metrix.com\/fr\/wp-json\/wp\/v2\/comments?post=311"}],"version-history":[{"count":35,"href":"https:\/\/science-metrix.com\/fr\/wp-json\/wp\/v2\/pages\/311\/revisions"}],"predecessor-version":[{"id":3119,"href":"https:\/\/science-metrix.com\/fr\/wp-json\/wp\/v2\/pages\/311\/revisions\/3119"}],"wp:attachment":[{"href":"https:\/\/science-metrix.com\/fr\/wp-json\/wp\/v2\/media?parent=311"}],"curies":[{"name":"wp","href":"https:\/\/api.w.org\/{rel}","templated":true}]}}