{"id":307,"date":"2021-06-10T23:14:43","date_gmt":"2021-06-10T23:14:43","guid":{"rendered":"https:\/\/www.science-metrix.com\/?page_id=307"},"modified":"2021-11-30T20:38:31","modified_gmt":"2021-11-30T20:38:31","slug":"services","status":"publish","type":"page","link":"https:\/\/science-metrix.com\/fr\/services\/","title":{"rendered":"Nos services"},"content":{"rendered":"<div data-elementor-type=\"wp-page\" data-elementor-id=\"307\" class=\"elementor elementor-307\" data-elementor-post-type=\"page\">\n\t\t\t\t\t\t<section class=\"elementor-section elementor-top-section elementor-element elementor-element-5288bf51 elementor-section-boxed elementor-section-height-default elementor-section-height-default\" data-id=\"5288bf51\" data-element_type=\"section\" data-e-type=\"section\">\n\t\t\t\t\t\t<div class=\"elementor-container elementor-column-gap-default\">\n\t\t\t\t\t<div class=\"elementor-column elementor-col-100 elementor-top-column elementor-element elementor-element-67cb5af4\" data-id=\"67cb5af4\" data-element_type=\"column\" data-e-type=\"column\">\n\t\t\t<div class=\"elementor-widget-wrap elementor-element-populated\">\n\t\t\t\t\t\t<div class=\"elementor-element elementor-element-ca839fc elementor-widget elementor-widget-spacer\" data-id=\"ca839fc\" data-element_type=\"widget\" data-e-type=\"widget\" data-widget_type=\"spacer.default\">\n\t\t\t\t<div class=\"elementor-widget-container\">\n\t\t\t\t\t\t\t<div class=\"elementor-spacer\">\n\t\t\t<div class=\"elementor-spacer-inner\"><\/div>\n\t\t<\/div>\n\t\t\t\t\t\t<\/div>\n\t\t\t\t<\/div>\n\t\t\t\t<div class=\"elementor-element elementor-element-4bc93739 elementor-widget elementor-widget-heading\" data-id=\"4bc93739\" data-element_type=\"widget\" data-e-type=\"widget\" data-widget_type=\"heading.default\">\n\t\t\t\t<div class=\"elementor-widget-container\">\n\t\t\t\t\t<h2 class=\"elementor-heading-title elementor-size-default\">Nos services<\/h2>\t\t\t\t<\/div>\n\t\t\t\t<\/div>\n\t\t\t\t<div class=\"elementor-element elementor-element-5110a29f elementor-widget elementor-widget-text-editor\" data-id=\"5110a29f\" data-element_type=\"widget\" data-e-type=\"widget\" data-widget_type=\"text-editor.default\">\n\t\t\t\t<div class=\"elementor-widget-container\">\n\t\t\t\t\t\t\t\t\t<p>En d\u00e9veloppant des indicateurs et des analyses de grande qualit\u00e9, notre objectif est de fournir \u00e0 nos clients des outils qui leur permettent d\u2019\u00e9valuer et d\u2019\u00e9clairer leurs politiques et leurs programmes en mati\u00e8re de S&amp;T. Nos services sont personnalis\u00e9s et prennent en consid\u00e9ration les besoins, la taille et la culture organisationnelle de nos clients. Nous comprenons que leurs besoins varient en fonction des clients qu\u2019eux-m\u00eames repr\u00e9sentent, qu\u2019ils soient des d\u00e9cideurs, des gestionnaires, des \u00e9valuateurs ou des analystes.<\/p><p>Cliquez sur le lien ci-dessous pour plus de d\u00e9tails.<\/p>\t\t\t\t\t\t\t\t<\/div>\n\t\t\t\t<\/div>\n\t\t\t\t<div class=\"elementor-element elementor-element-31448799 elementor-widget elementor-widget-spacer\" data-id=\"31448799\" data-element_type=\"widget\" data-e-type=\"widget\" data-widget_type=\"spacer.default\">\n\t\t\t\t<div class=\"elementor-widget-container\">\n\t\t\t\t\t\t\t<div class=\"elementor-spacer\">\n\t\t\t<div class=\"elementor-spacer-inner\"><\/div>\n\t\t<\/div>\n\t\t\t\t\t\t<\/div>\n\t\t\t\t<\/div>\n\t\t\t\t\t<\/div>\n\t\t<\/div>\n\t\t\t\t\t<\/div>\n\t\t<\/section>\n\t\t\t\t<section class=\"elementor-section elementor-top-section elementor-element elementor-element-7a722ad4 elementor-section-boxed elementor-section-height-default elementor-section-height-default\" data-id=\"7a722ad4\" data-element_type=\"section\" data-e-type=\"section\">\n\t\t\t\t\t\t<div class=\"elementor-container elementor-column-gap-default\">\n\t\t\t\t\t<div class=\"elementor-column elementor-col-33 elementor-top-column elementor-element elementor-element-6b76ca6f\" data-id=\"6b76ca6f\" data-element_type=\"column\" data-e-type=\"column\">\n\t\t\t<div class=\"elementor-widget-wrap elementor-element-populated\">\n\t\t\t\t\t\t<div class=\"elementor-element elementor-element-b080728 elementor-view-default elementor-position-block-start elementor-mobile-position-block-start elementor-widget elementor-widget-icon-box\" data-id=\"b080728\" data-element_type=\"widget\" data-e-type=\"widget\" data-widget_type=\"icon-box.default\">\n\t\t\t\t<div class=\"elementor-widget-container\">\n\t\t\t\t\t\t\t<div class=\"elementor-icon-box-wrapper\">\n\n\t\t\t\t\t\t<div class=\"elementor-icon-box-icon\">\n\t\t\t\t<a href=\"https:\/\/science-metrix.com\/fr\/bibliometrics\/\" class=\"elementor-icon\" tabindex=\"-1\" aria-label=\"La bibliom\u00e9trie\">\n\t\t\t\t<svg xmlns=\"http:\/\/www.w3.org\/2000\/svg\" viewbox=\"0 0 128 128\" height=\"128\" width=\"128\"><defs><clippath clippathunits=\"userSpaceOnUse\" id=\"0242-research-strategy-clipPath\"><path d=\"M20 124h20V97H20zm26 0h20V47H46zm26 0h20V31H72zm26 0h20V11H98z\"><\/path><\/clippath><\/defs><path clip-path=\"url(#0242-research-strategy-clipPath)\" d=\"M126 128l4-4m0-4l-8 8m-4 0l12-12m0-4l-16 16m-4 0l20-20m0-4l-24 24m-4 0l28-28m0-4l-32 32m-4 0l36-36m0-4l-40 40m-4 0l44-44m0-4l-48 48m-4 0l52-52m0-4l-56 56m-4 0l60-60m0-4l-64 64m-4 0l68-68m0-4l-72 72m-4 0l76-76m0-4l-80 80m-4 0l84-84m0-4l-88 88m-4 0l92-92m0-4l-96 96m-4 0L130 28m0-4L26 128m-4 0L130 20m0-4L18 128m-4 0L130 12m0-4L10 128m-4 0L130 4m0-4L2 128m0-4L126 0m-4 0L2 120m0-4L118 0m-4 0L2 112m0-4L110 0m-4 0L2 104m0-4L102 0m-4 0L2 96m0-4L94 0m-4 0L2 88m0-4L86 0m-4 0L2 80m0-4L78 0m-4 0L2 72m0-4L70 0m-4 0L2 64m0-4L62 0m-4 0L2 56m0-4L54 0m-4 0L2 48m0-4L46 0m-4 0L2 40m0-4L38 0m-4 0L2 32m0-4L30 0m-4 0L2 24m0-4L22 0m-4 0L2 16m0-4L14 0m-4 0L2 8m0-4l4-4\" fill=\"none\" stroke=\"#343741\" stroke-linecap=\"square\" stroke-miterlimit=\"10\" stroke-width=\".2\"><\/path><path d=\"M30 95.516c-10.778 0-19.515-8.738-19.515-19.516 0-10.778 8.737-19.515 19.515-19.515 2.547 0 4.98.488 7.211 1.375a19.544 19.544 0 0 1 11.541 12.719A19.478 19.478 0 0 1 49.515 76c0 10.778-8.737 19.516-19.515 19.516\" fill=\"#fff\"><\/path><path d=\"M122.768 65.232a2.501 2.501 0 0 0-3.536 0L94.895 89.569 70.657 68.128a2.5 2.5 0 0 0-2.037-.599l-6.465.994-4.972.766-22.52 3.464 21.301-38.34 25.309 14.265a2.5 2.5 0 0 0 3.254-.714l26-36a2.5 2.5 0 0 0-4.054-2.928l-24.692 34.19-4.418-2.492-21.135-11.912a2.494 2.494 0 0 0-1.907-.227 2.494 2.494 0 0 0-1.506 1.191l-25 45c-.013.024-.019.048-.031.071a2.635 2.635 0 0 0-.108.251c-.027.071-.056.14-.076.211-.022.079-.036.161-.051.243-.014.082-.03.162-.036.243-.006.075-.003.15-.002.227.001.09.003.18.014.269.003.027 0 .053.004.08.008.049.026.094.037.141a2.235 2.235 0 0 0 .26.697c.04.072.084.139.131.206a2.19 2.19 0 0 0 .317.371 2.229 2.229 0 0 0 .4.311c.039.025.071.056.112.079.018.009.038.012.056.022.336.177.711.279 1.106.286.016 0 .033.007.05.007.039 0 .077-.014.117-.016.088-.004.176-.001.265-.014l27.568-4.241 4.965-.764 5.308-.817 25.122 22.224a2.497 2.497 0 0 0 1.656.627c.642 0 1.282-.245 1.769-.732l26-26a2.501 2.501 0 0 0 0-3.536\" fill=\"#acd2ff\"><\/path><path d=\"M39.333 76a9.333 9.333 0 1 1-18.666 0 9.333 9.333 0 0 1 18.666 0\" fill=\"#3679e0\"><\/path><path d=\"M82 39a6.974 6.974 0 0 0-4.605 1.728A6.983 6.983 0 0 0 75 46a7 7 0 1 0 7-7zm13 47a6.97 6.97 0 0 0-3.238.792 7.028 7.028 0 0 0-3.322 3.76A7 7 0 1 0 95 86zM69 63a7.003 7.003 0 0 0-6.082 10.469A7 7 0 0 0 69 77a6.972 6.972 0 0 0 3.241-.794 7.023 7.023 0 0 0 3.314-3.744A7 7 0 0 0 69 63zm52-3a7 7 0 1 0 0 14 7 7 0 0 0 0-14zM30 95.516c-10.778 0-19.515-8.738-19.515-19.516 0-10.778 8.737-19.515 19.515-19.515 2.547 0 4.98.488 7.211 1.375a19.544 19.544 0 0 1 11.541 12.719A19.478 19.478 0 0 1 49.515 76c0 10.778-8.737 19.516-19.515 19.516zM58 76a27.89 27.89 0 0 0-.809-6.709c-1.669-6.788-5.814-12.603-11.421-16.431a28.005 28.005 0 0 0-4.418-2.464A27.915 27.915 0 0 0 30 48C14.536 48 2 60.536 2 76s12.536 28 28 28a27.867 27.867 0 0 0 15.942-4.986l17.522 17.522 7.072-7.071-17.522-17.523A27.865 27.865 0 0 0 58 76zm-3-38c1.7 0 3.257-.605 4.47-1.612A6.993 6.993 0 0 0 62 31a7 7 0 1 0-7 7zm53-34a7 7 0 1 0 0 14 7 7 0 0 0 0-14\" fill=\"#3679e0\"><\/path><path d=\"M97.857 86.607l-2.962 2.962-3.128-2.766-.009-.008a7.021 7.021 0 0 0-3.312 3.745l4.897 4.333a2.497 2.497 0 0 0 1.656.627c.642 0 1.282-.245 1.769-.732l4.618-4.619.005-.004a7.036 7.036 0 0 0-3.534-3.538m21.375-21.375l-4.624 4.624a7.018 7.018 0 0 0 3.521 3.53l.015.006.004-.004 4.62-4.62a2.501 2.501 0 0 0-3.536-3.536m-69.59-29.727a6.992 6.992 0 0 0 4.368 2.426l1.954-3.518 3.497 1.971.007.005.002-.001a6.997 6.997 0 0 0 2.454-4.355l-.007-.004-5.689-3.207a2.494 2.494 0 0 0-1.907-.227 2.494 2.494 0 0 0-1.506 1.191l-3.176 5.716.003.003m-8.057 24.79l.002-.004 4.139-7.45.004-.006a27.941 27.941 0 0 0-4.368-2.434l-.002.004-4.143 7.458a19.46 19.46 0 0 1 4.368 2.432m40.196-17.069l-4.402-2.483a6.987 6.987 0 0 0-2.329 4.428l.017.009 6.206 3.498a2.5 2.5 0 0 0 3.254-.714l3.707-5.133.004-.007a7.025 7.025 0 0 0-3.731-3.362l-.006-.002-2.72 3.766m-6.226 29.236v-.001l-4.898-4.333a2.5 2.5 0 0 0-2.037-.599l-6.464.994A7.05 7.05 0 0 0 62 70c0 1.261.333 2.443.917 3.466l5.304-.817 4.021 3.557a7.029 7.029 0 0 0 3.313-3.744m26.66-57.519a7.006 7.006 0 0 0 4.1 2.853l4.212-5.832a2.5 2.5 0 0 0-4.054-2.928l-4.261 5.901.003.006M48.754 70.586c.453 1.573.714 3.228.755 4.936v.006l8.436-1.298a27.986 27.986 0 0 0-.754-4.939l-.001-.003-.007.001-8.429 1.297\" fill=\"#005ce0\"><\/path><\/svg>\t\t\t\t<\/a>\n\t\t\t<\/div>\n\t\t\t\n\t\t\t\t\t\t<div class=\"elementor-icon-box-content\">\n\n\t\t\t\t\t\t\t\t\t<h3 class=\"elementor-icon-box-title\">\n\t\t\t\t\t\t<a href=\"https:\/\/science-metrix.com\/fr\/bibliometrics\/\" >\n\t\t\t\t\t\t\tLa bibliom\u00e9trie\t\t\t\t\t\t<\/a>\n\t\t\t\t\t<\/h3>\n\t\t\t\t\n\t\t\t\t\t\t\t\t\t<p class=\"elementor-icon-box-description\">\n\t\t\t\t\t\tQu\u2019est-ce que la bibliom\u00e9trie et comment mesure-t-elle les activit\u00e9s de recherche ? Cliquez ici pour en savoir davantage.\t\t\t\t\t<\/p>\n\t\t\t\t\n\t\t\t<\/div>\n\t\t\t\n\t\t<\/div>\n\t\t\t\t\t\t<\/div>\n\t\t\t\t<\/div>\n\t\t\t\t\t<\/div>\n\t\t<\/div>\n\t\t\t\t<div class=\"elementor-column elementor-col-33 elementor-top-column elementor-element elementor-element-1b957f3d\" data-id=\"1b957f3d\" data-element_type=\"column\" data-e-type=\"column\">\n\t\t\t<div class=\"elementor-widget-wrap elementor-element-populated\">\n\t\t\t\t\t\t<div class=\"elementor-element elementor-element-a94f83f elementor-view-default elementor-position-block-start elementor-mobile-position-block-start elementor-widget elementor-widget-icon-box\" data-id=\"a94f83f\" data-element_type=\"widget\" data-e-type=\"widget\" data-widget_type=\"icon-box.default\">\n\t\t\t\t<div class=\"elementor-widget-container\">\n\t\t\t\t\t\t\t<div class=\"elementor-icon-box-wrapper\">\n\n\t\t\t\t\t\t<div class=\"elementor-icon-box-icon\">\n\t\t\t\t<a href=\"https:\/\/science-metrix.com\/fr\/tailored-study-design\/\" class=\"elementor-icon\" tabindex=\"-1\" aria-label=\"\u00c9laboration d\u2019\u00e9tudes\">\n\t\t\t\t<svg xmlns=\"http:\/\/www.w3.org\/2000\/svg\" viewbox=\"0 0 128 128\" height=\"128\" width=\"128\"><defs><clippath clippathunits=\"userSpaceOnUse\" id=\"0143-pathways-clipPath\"><path d=\"M113 80c-6.627 0-12 5.373-12 12s5.373 12 12 12 12-5.373 12-12-5.373-12-12-12zm-66 0c-6.627 0-12 5.373-12 12s5.373 12 12 12 12-5.373 12-12-5.373-12-12-12\"><\/path><\/clippath><\/defs><path d=\"M49.877 54a9.5 9.5 0 0 0-9.5 9.5 9.465 9.465 0 0 0 2.069 5.919 9.534 9.534 0 0 0 2.632 2.281 9.504 9.504 0 0 0 13.724-4.938 9.478 9.478 0 0 0 .575-3.262 9.48 9.48 0 0 0-.58-3.275A9.505 9.505 0 0 0 49.877 54m27.246 19a9.5 9.5 0 0 0 9.5-9.5c0-1.706-.45-3.308-1.238-4.692a9.54 9.54 0 0 0-4.747-4.137A9.477 9.477 0 0 0 77.123 54a9.503 9.503 0 0 0-8.93 6.253 9.466 9.466 0 0 0-.57 3.247c0 1.141.202 2.235.571 3.249A9.503 9.503 0 0 0 77.123 73m27.252-32.5a7.49 7.49 0 0 0-.688-3.144 7.514 7.514 0 0 0-1.518-2.168A7.483 7.483 0 0 0 96.875 33a7.5 7.5 0 1 0 7.5 7.5M23.25 84.355a12.046 12.046 0 0 0-2.854-2.51A11.942 11.942 0 0 0 14 80C7.373 80 2 85.373 2 92s5.373 12 12 12 12-5.373 12-12c0-1.367-.229-2.681-.649-3.905a11.997 11.997 0 0 0-2.101-3.74M80 80c-6.627 0-12 5.373-12 12s5.373 12 12 12 12-5.373 12-12-5.373-12-12-12m24.37-26a9.5 9.5 0 0 0-9.5 9.5 9.5 9.5 0 0 0 9.5 9.5 9.5 9.5 0 0 0 9.5-9.5 9.5 9.5 0 0 0-9.5-9.5M30.125 33a7.5 7.5 0 1 0 0 15 7.5 7.5 0 0 0 0-15m22.25 0a7.5 7.5 0 1 0 0 15 7.5 7.5 0 0 0 0-15m22.25 15a7.5 7.5 0 1 0 0-15 7.5 7.5 0 0 0 0 15M22.63 54a9.5 9.5 0 0 0-9.5 9.5 9.5 9.5 0 0 0 9.5 9.5 9.5 9.5 0 0 0 9.5-9.5 9.5 9.5 0 0 0-9.5-9.5\" fill=\"#acd2ff\"><\/path><path clip-path=\"url(#0143-pathways-clipPath)\" d=\"M125 128l4-4m0-4l-8 8m-4 0l12-12m0-4l-16 16m-4 0l20-20m0-4l-24 24m-4 0l28-28m0-4l-32 32m-4 0l36-36m0-4l-40 40m-4 0l44-44m0-4l-48 48m-4 0l52-52m0-4l-56 56m-4 0l60-60m0-4l-64 64m-4 0l68-68m0-4l-72 72m-4 0l76-76m0-4l-80 78m-4 0l84-84m0-4l-88 88m-4 0l92-92m0-4l-96 96m-4 0L129 26m0-4L25 126m-4 0L129 18m0-4L17 126m-4 0L129 10m0-4L9 126m-4 0L129 2m0-4L1 126m0-4L125-2m-4 0L1 118m0-4L117-2m-4 0L1 110m0-4L109-2m-4 0L1 102m0-4L101-2m-4 0L1 94m0-4L93-2m-4 0L1 86m0-4L85-2m-4 0L1 78m0-4L77-2m-4 0L1 70m0-4L69-2m-4 0L1 62m0-4L61-2m-4 0L1 54m0-4L53-2m-4 0L1 46m0-4L45-2m-4 0L1 38m0-4L37-2m-4 0L1 30m0-4L29-2m-4 0L1 22m0-4L21-2m-4 0L1 14m0-4L13-2M9-2L1 6m0-4l4-4\" fill=\"none\" stroke=\"#343741\" stroke-linecap=\"square\" stroke-miterlimit=\"10\" stroke-width=\".2\"><\/path><path d=\"M116.168 22.704l.195-4.406-13.553 3.31 4.425 3.636L75.643 60.25H50.854a6.291 6.291 0 0 0-3.786 1.277L11.037 88.96a4.244 4.244 0 0 0-.716 6.065 4.245 4.245 0 0 0 6.004.578L51.014 66.75h24.71c1.832 0 3.566-.8 4.755-2.194l30.739-36.04 4.528 3.72.421-9.524.005-.005-.004-.003\" fill=\"#3679e0\"><\/path><path d=\"M58.805 60.25h-7.951a6.291 6.291 0 0 0-3.786 1.277l-6.27 4.774.003.015a9.54 9.54 0 0 0 4.268 5.379l5.945-4.945h7.792a9.484 9.484 0 0 0 .571-3.25 9.484 9.484 0 0 0-.572-3.25m21.861-5.566l-5.023 5.566h-7.449l-.001.003a9.466 9.466 0 0 0-.57 3.247c0 1.141.202 2.235.571 3.249v.001h7.53c1.832 0 3.566-.8 4.755-2.194l4.905-5.751a9.498 9.498 0 0 0-4.718-4.121m19.062-21.121l-9.462 10.484a7.545 7.545 0 0 0 2.079 2.431c.737.559 1.58.985 2.493 1.242l8.845-10.37a7.506 7.506 0 0 0-3.955-3.787M23.25 84.355a12.046 12.046 0 0 0-2.854-2.51l-.008-.005-.002.002-9.349 7.118a4.244 4.244 0 0 0-.716 6.065 4.245 4.245 0 0 0 6.004.578l9.026-7.507v-.001a11.997 11.997 0 0 0-2.101-3.74\" fill=\"#005ce0\"><\/path><\/svg>\t\t\t\t<\/a>\n\t\t\t<\/div>\n\t\t\t\n\t\t\t\t\t\t<div class=\"elementor-icon-box-content\">\n\n\t\t\t\t\t\t\t\t\t<h3 class=\"elementor-icon-box-title\">\n\t\t\t\t\t\t<a href=\"https:\/\/science-metrix.com\/fr\/tailored-study-design\/\" >\n\t\t\t\t\t\t\t\u00c9laboration d\u2019\u00e9tudes\t\t\t\t\t\t<\/a>\n\t\t\t\t\t<\/h3>\n\t\t\t\t\n\t\t\t\t\t\t\t\t\t<p class=\"elementor-icon-box-description\">\n\t\t\t\t\t\tNous \u00e9laborons des \u00e9tudes sur mesure qui r\u00e9pondent aux besoins sp\u00e9cifiques de nos clients, tout en consid\u00e9rant leurs objectifs, leur mandat, leurs sources de donn\u00e9es et leur budget. Cliquez ici pour consulter certains de nos anciens projets ou communiquez avec nous.\t\t\t\t\t<\/p>\n\t\t\t\t\n\t\t\t<\/div>\n\t\t\t\n\t\t<\/div>\n\t\t\t\t\t\t<\/div>\n\t\t\t\t<\/div>\n\t\t\t\t\t<\/div>\n\t\t<\/div>\n\t\t\t\t<div class=\"elementor-column elementor-col-33 elementor-top-column elementor-element elementor-element-4d26b179\" data-id=\"4d26b179\" data-element_type=\"column\" data-e-type=\"column\">\n\t\t\t<div class=\"elementor-widget-wrap elementor-element-populated\">\n\t\t\t\t\t\t<div class=\"elementor-element elementor-element-4c0f4719 elementor-view-default elementor-position-block-start elementor-mobile-position-block-start elementor-widget elementor-widget-icon-box\" data-id=\"4c0f4719\" data-element_type=\"widget\" data-e-type=\"widget\" data-widget_type=\"icon-box.default\">\n\t\t\t\t<div class=\"elementor-widget-container\">\n\t\t\t\t\t\t\t<div class=\"elementor-icon-box-wrapper\">\n\n\t\t\t\t\t\t<div class=\"elementor-icon-box-icon\">\n\t\t\t\t<a href=\"https:\/\/science-metrix.com\/fr\/indicator-tool-development\/\" class=\"elementor-icon\" tabindex=\"-1\" aria-label=\"D\u00e9veloppement d\u2019indicateurs et d\u2019outils\">\n\t\t\t\t<svg xmlns=\"http:\/\/www.w3.org\/2000\/svg\" viewbox=\"0 0 128 128\" height=\"128\" width=\"128\"><defs><clippath clippathunits=\"userSpaceOnUse\" id=\"eden-metrics-clipPath\"><path d=\"M67.842 22.94v82.12H89.65V22.94zM38.47 44.62v60.44h21.808V44.62zm58.744 13.907v46.534h21.808V58.527zM8.975 74.84v30.22h21.808V74.84z\" stroke-width=\".695\"><\/path><\/clippath><\/defs><path d=\"M67.844 35.639h21.808v69.422H67.844zm29.372 29.517h21.808v39.905H97.216z\" fill=\"#acd2ff\"><\/path><path d=\"M38.47 44.619h21.81v60.442H38.47z\" fill=\"#3679e0\"><\/path><path clip-path=\"url(#eden-metrics-clipPath)\" d=\"M126 120l-4 4m-4 0l8-8m0-4l-12 12m-4 0l16-16m0-4l-20 20m-4 0l24-24m0-4l-28 28m-4 0l32-32m0-4l-36 36m-4 0l40-40m0-4l-44 44m-4 0l48-48m0-4l-52 52m-4 0l56-56m0-4l-60 60m-4 0l64-64m0-4l-68 68m-4 0l72-72m0-4l-76 76m-4 0l80-80m0-4l-84 84m-4 0l88-88m0-4l-92 92m-4 0l96-96m0-4L26 124m-4 0L126 20m0-4L18 124m-4 0L126 12m0-4L10 124m-4 0L126 4m-4 0L6 120m0-4L118 4m-4 0L6 112m0-4L110 4m-4 0L6 104m0-4l96-96m-4 0L6 96m0-4L94 4m-4 0L6 88m0-4L86 4m-4 0L6 80m0-4L78 4m-4 0L6 72m0-4L70 4m-4 0L6 64m0-4L62 4m-4 0L6 56m0-4L54 4m-4 0L6 48m0-4L46 4m-4 0L6 40m0-4L38 4m-4 0L6 32m0-4L30 4m-4 0L6 24m0-4L22 4m-4 0L6 16m0-4l8-8m-4 0L6 8\" fill=\"none\" stroke=\"#343741\" stroke-linecap=\"square\" stroke-width=\".2\"><\/path><\/svg>\t\t\t\t<\/a>\n\t\t\t<\/div>\n\t\t\t\n\t\t\t\t\t\t<div class=\"elementor-icon-box-content\">\n\n\t\t\t\t\t\t\t\t\t<h3 class=\"elementor-icon-box-title\">\n\t\t\t\t\t\t<a href=\"https:\/\/science-metrix.com\/fr\/indicator-tool-development\/\" >\n\t\t\t\t\t\t\tD\u00e9veloppement d\u2019indicateurs et d\u2019outils\t\t\t\t\t\t<\/a>\n\t\t\t\t\t<\/h3>\n\t\t\t\t\n\t\t\t\t\t\t\t\t\t<p class=\"elementor-icon-box-description\">\n\t\t\t\t\t\tNous avons d\u00e9velopp\u00e9 plusieurs indicateurs et outils, soit pour r\u00e9pondre aux besoins de nos clients ou tout simplement pour combler des lacunes dans le domaine de l\u2019\u00e9valuation. Voyez comment nous pouvons d\u00e9velopper des indicateurs sur mesure pour votre \u00e9tude.\t\t\t\t\t<\/p>\n\t\t\t\t\n\t\t\t<\/div>\n\t\t\t\n\t\t<\/div>\n\t\t\t\t\t\t<\/div>\n\t\t\t\t<\/div>\n\t\t\t\t\t<\/div>\n\t\t<\/div>\n\t\t\t\t\t<\/div>\n\t\t<\/section>\n\t\t\t\t<section class=\"elementor-section elementor-top-section elementor-element elementor-element-50280a13 elementor-section-boxed elementor-section-height-default elementor-section-height-default\" data-id=\"50280a13\" data-element_type=\"section\" data-e-type=\"section\">\n\t\t\t\t\t\t<div class=\"elementor-container elementor-column-gap-default\">\n\t\t\t\t\t<div class=\"elementor-column elementor-col-100 elementor-top-column elementor-element elementor-element-4e2dc499\" data-id=\"4e2dc499\" data-element_type=\"column\" data-e-type=\"column\">\n\t\t\t<div class=\"elementor-widget-wrap elementor-element-populated\">\n\t\t\t\t\t\t<div class=\"elementor-element elementor-element-4799b639 elementor-widget elementor-widget-spacer\" data-id=\"4799b639\" data-element_type=\"widget\" data-e-type=\"widget\" data-widget_type=\"spacer.default\">\n\t\t\t\t<div class=\"elementor-widget-container\">\n\t\t\t\t\t\t\t<div class=\"elementor-spacer\">\n\t\t\t<div class=\"elementor-spacer-inner\"><\/div>\n\t\t<\/div>\n\t\t\t\t\t\t<\/div>\n\t\t\t\t<\/div>\n\t\t\t\t\t<\/div>\n\t\t<\/div>\n\t\t\t\t\t<\/div>\n\t\t<\/section>\n\t\t\t\t<\/div>","protected":false},"excerpt":{"rendered":"<p>Services By providing robust science and technology (S&amp;T) metrics, trends and analysis, our goal is to provide our clients with the tools for accountability and evidence-based decision-making. Our services are customized to meet the needs, size and culture of your organization, and we understand that your needs will vary based on the type of organization [&hellip;]<\/p>\n","protected":false},"author":2,"featured_media":0,"parent":0,"menu_order":0,"comment_status":"closed","ping_status":"closed","template":"","meta":{"footnotes":""},"class_list":["post-307","page","type-page","status-publish","hentry"],"yoast_head":"<!-- This site is optimized with the Yoast SEO plugin v25.3 - https:\/\/yoast.com\/wordpress\/plugins\/seo\/ -->\n<title>Services - Science-Metrix<\/title>\n<meta name=\"robots\" content=\"index, follow, max-snippet:-1, max-image-preview:large, max-video-preview:-1\" \/>\n<link rel=\"canonical\" href=\"https:\/\/science-metrix.com\/fr\/services\/\" \/>\n<meta property=\"og:locale\" content=\"fr_CA\" \/>\n<meta property=\"og:type\" content=\"article\" \/>\n<meta property=\"og:title\" content=\"Services - Science-Metrix\" \/>\n<meta property=\"og:description\" content=\"Services By providing robust science and technology (S&amp;T) metrics, trends and analysis, our goal is to provide our clients with the tools for accountability and evidence-based decision-making. Our services are customized to meet the needs, size and culture of your organization, and we understand that your needs will vary based on the type of organization [&hellip;]\" \/>\n<meta property=\"og:url\" content=\"https:\/\/science-metrix.com\/fr\/services\/\" \/>\n<meta property=\"og:site_name\" content=\"Science-Metrix\" \/>\n<meta property=\"article:modified_time\" content=\"2021-11-30T20:38:31+00:00\" \/>\n<meta name=\"twitter:card\" content=\"summary_large_image\" \/>\n<meta name=\"twitter:label1\" content=\"Estimation du temps de lecture\" \/>\n\t<meta name=\"twitter:data1\" content=\"1 minute\" \/>\n<script type=\"application\/ld+json\" class=\"yoast-schema-graph\">{\"@context\":\"https:\/\/schema.org\",\"@graph\":[{\"@type\":\"WebPage\",\"@id\":\"https:\/\/science-metrix.com\/fr\/services\/\",\"url\":\"https:\/\/science-metrix.com\/fr\/services\/\",\"name\":\"Services - Science-Metrix\",\"isPartOf\":{\"@id\":\"https:\/\/www.science-metrix.com\/fr\/#website\"},\"datePublished\":\"2021-06-10T23:14:43+00:00\",\"dateModified\":\"2021-11-30T20:38:31+00:00\",\"breadcrumb\":{\"@id\":\"https:\/\/science-metrix.com\/fr\/services\/#breadcrumb\"},\"inLanguage\":\"fr-CA\",\"potentialAction\":[{\"@type\":\"ReadAction\",\"target\":[\"https:\/\/science-metrix.com\/fr\/services\/\"]}]},{\"@type\":\"BreadcrumbList\",\"@id\":\"https:\/\/science-metrix.com\/fr\/services\/#breadcrumb\",\"itemListElement\":[{\"@type\":\"ListItem\",\"position\":1,\"name\":\"Home\",\"item\":\"https:\/\/www.science-metrix.com\/fr\/\"},{\"@type\":\"ListItem\",\"position\":2,\"name\":\"Services\"}]},{\"@type\":\"WebSite\",\"@id\":\"https:\/\/www.science-metrix.com\/fr\/#website\",\"url\":\"https:\/\/www.science-metrix.com\/fr\/\",\"name\":\"Science-Metrix\",\"description\":\"\",\"publisher\":{\"@id\":\"https:\/\/www.science-metrix.com\/fr\/#organization\"},\"potentialAction\":[{\"@type\":\"SearchAction\",\"target\":{\"@type\":\"EntryPoint\",\"urlTemplate\":\"https:\/\/www.science-metrix.com\/fr\/?s={search_term_string}\"},\"query-input\":{\"@type\":\"PropertyValueSpecification\",\"valueRequired\":true,\"valueName\":\"search_term_string\"}}],\"inLanguage\":\"fr-CA\"},{\"@type\":\"Organization\",\"@id\":\"https:\/\/www.science-metrix.com\/fr\/#organization\",\"name\":\"Science-Metrix\",\"url\":\"https:\/\/www.science-metrix.com\/fr\/\",\"logo\":{\"@type\":\"ImageObject\",\"inLanguage\":\"fr-CA\",\"@id\":\"https:\/\/www.science-metrix.com\/fr\/#\/schema\/logo\/image\/\",\"url\":\"https:\/\/science-metrix.com\/wp-content\/uploads\/2021\/10\/Logo_SM_website.png\",\"contentUrl\":\"https:\/\/science-metrix.com\/wp-content\/uploads\/2021\/10\/Logo_SM_website.png\",\"width\":1493,\"height\":199,\"caption\":\"Science-Metrix\"},\"image\":{\"@id\":\"https:\/\/www.science-metrix.com\/fr\/#\/schema\/logo\/image\/\"}}]}<\/script>\n<!-- \/ Yoast SEO plugin. -->","yoast_head_json":{"title":"Services - Science-Metrix","robots":{"index":"index","follow":"follow","max-snippet":"max-snippet:-1","max-image-preview":"max-image-preview:large","max-video-preview":"max-video-preview:-1"},"canonical":"https:\/\/science-metrix.com\/fr\/services\/","og_locale":"fr_CA","og_type":"article","og_title":"Services - Science-Metrix","og_description":"Services By providing robust science and technology (S&amp;T) metrics, trends and analysis, our goal is to provide our clients with the tools for accountability and evidence-based decision-making. Our services are customized to meet the needs, size and culture of your organization, and we understand that your needs will vary based on the type of organization [&hellip;]","og_url":"https:\/\/science-metrix.com\/fr\/services\/","og_site_name":"Science-Metrix","article_modified_time":"2021-11-30T20:38:31+00:00","twitter_card":"summary_large_image","twitter_misc":{"Estimation du temps de lecture":"1 minute"},"schema":{"@context":"https:\/\/schema.org","@graph":[{"@type":"WebPage","@id":"https:\/\/science-metrix.com\/fr\/services\/","url":"https:\/\/science-metrix.com\/fr\/services\/","name":"Services - Science-Metrix","isPartOf":{"@id":"https:\/\/www.science-metrix.com\/fr\/#website"},"datePublished":"2021-06-10T23:14:43+00:00","dateModified":"2021-11-30T20:38:31+00:00","breadcrumb":{"@id":"https:\/\/science-metrix.com\/fr\/services\/#breadcrumb"},"inLanguage":"fr-CA","potentialAction":[{"@type":"ReadAction","target":["https:\/\/science-metrix.com\/fr\/services\/"]}]},{"@type":"BreadcrumbList","@id":"https:\/\/science-metrix.com\/fr\/services\/#breadcrumb","itemListElement":[{"@type":"ListItem","position":1,"name":"Home","item":"https:\/\/www.science-metrix.com\/fr\/"},{"@type":"ListItem","position":2,"name":"Services"}]},{"@type":"WebSite","@id":"https:\/\/www.science-metrix.com\/fr\/#website","url":"https:\/\/www.science-metrix.com\/fr\/","name":"Science-Metrix","description":"","publisher":{"@id":"https:\/\/www.science-metrix.com\/fr\/#organization"},"potentialAction":[{"@type":"SearchAction","target":{"@type":"EntryPoint","urlTemplate":"https:\/\/www.science-metrix.com\/fr\/?s={search_term_string}"},"query-input":{"@type":"PropertyValueSpecification","valueRequired":true,"valueName":"search_term_string"}}],"inLanguage":"fr-CA"},{"@type":"Organization","@id":"https:\/\/www.science-metrix.com\/fr\/#organization","name":"Science-Metrix","url":"https:\/\/www.science-metrix.com\/fr\/","logo":{"@type":"ImageObject","inLanguage":"fr-CA","@id":"https:\/\/www.science-metrix.com\/fr\/#\/schema\/logo\/image\/","url":"https:\/\/science-metrix.com\/wp-content\/uploads\/2021\/10\/Logo_SM_website.png","contentUrl":"https:\/\/science-metrix.com\/wp-content\/uploads\/2021\/10\/Logo_SM_website.png","width":1493,"height":199,"caption":"Science-Metrix"},"image":{"@id":"https:\/\/www.science-metrix.com\/fr\/#\/schema\/logo\/image\/"}}]}},"jetpack_sharing_enabled":true,"_links":{"self":[{"href":"https:\/\/science-metrix.com\/fr\/wp-json\/wp\/v2\/pages\/307","targetHints":{"allow":["GET"]}}],"collection":[{"href":"https:\/\/science-metrix.com\/fr\/wp-json\/wp\/v2\/pages"}],"about":[{"href":"https:\/\/science-metrix.com\/fr\/wp-json\/wp\/v2\/types\/page"}],"author":[{"embeddable":true,"href":"https:\/\/science-metrix.com\/fr\/wp-json\/wp\/v2\/users\/2"}],"replies":[{"embeddable":true,"href":"https:\/\/science-metrix.com\/fr\/wp-json\/wp\/v2\/comments?post=307"}],"version-history":[{"count":25,"href":"https:\/\/science-metrix.com\/fr\/wp-json\/wp\/v2\/pages\/307\/revisions"}],"predecessor-version":[{"id":3967,"href":"https:\/\/science-metrix.com\/fr\/wp-json\/wp\/v2\/pages\/307\/revisions\/3967"}],"wp:attachment":[{"href":"https:\/\/science-metrix.com\/fr\/wp-json\/wp\/v2\/media?parent=307"}],"curies":[{"name":"wp","href":"https:\/\/api.w.org\/{rel}","templated":true}]}}