{"id":305,"date":"2021-07-14T16:25:48","date_gmt":"2021-07-14T16:25:48","guid":{"rendered":"https:\/\/www.science-metrix.com\/?page_id=305"},"modified":"2024-10-17T17:28:15","modified_gmt":"2024-10-17T17:28:15","slug":"about","status":"publish","type":"page","link":"https:\/\/science-metrix.com\/fr\/about\/","title":{"rendered":"\u00c0 notre sujet"},"content":{"rendered":"<div data-elementor-type=\"wp-page\" data-elementor-id=\"305\" class=\"elementor elementor-305\" data-elementor-post-type=\"page\">\n\t\t\t\t\t\t<section class=\"elementor-section elementor-top-section elementor-element elementor-element-57f1c0ae elementor-section-boxed elementor-section-height-default elementor-section-height-default\" data-id=\"57f1c0ae\" data-element_type=\"section\" data-e-type=\"section\">\n\t\t\t\t\t\t<div class=\"elementor-container elementor-column-gap-default\">\n\t\t\t\t\t<div class=\"elementor-column elementor-col-100 elementor-top-column elementor-element elementor-element-1eee02f1\" data-id=\"1eee02f1\" data-element_type=\"column\" data-e-type=\"column\">\n\t\t\t<div class=\"elementor-widget-wrap elementor-element-populated\">\n\t\t\t\t\t\t<div class=\"elementor-element elementor-element-7e2ab539 elementor-widget elementor-widget-heading\" data-id=\"7e2ab539\" data-element_type=\"widget\" data-e-type=\"widget\" data-widget_type=\"heading.default\">\n\t\t\t\t<div class=\"elementor-widget-container\">\n\t\t\t\t\t<h2 class=\"elementor-heading-title elementor-size-default\">\u00c0 notre sujet<\/h2>\t\t\t\t<\/div>\n\t\t\t\t<\/div>\n\t\t\t\t<div class=\"elementor-element elementor-element-2096218b elementor-widget elementor-widget-text-editor\" data-id=\"2096218b\" data-element_type=\"widget\" data-e-type=\"widget\" data-widget_type=\"text-editor.default\">\n\t\t\t\t<div class=\"elementor-widget-container\">\n\t\t\t\t\t\t\t\t\t<p>Fond\u00e9 \u00e0 Montr\u00e9al en 2002, Science-Metrix est un chef de file mondial en bibliom\u00e9trie, et en \u00e9valuation de politiques et de programmes de S&amp;T. D\u00e9sormais partie int\u00e9grante de la soci\u00e9t\u00e9 mondiale d'analyse de l'information Elsevier et ayant maintenant un acc\u00e8s direct aux bases de donn\u00e9es et aux ressources analytiques d\u2019Elsevier, nous continuons de fournir des analyses bibliom\u00e9triques de grande qualit\u00e9 \u00e0 nos clients et de contribuer au d\u00e9veloppement du domaine par le biais de pr\u00e9sentations lors de conf\u00e9rences et d\u2019articles publi\u00e9s dans des revues scientifiques.<\/p>\t\t\t\t\t\t\t\t<\/div>\n\t\t\t\t<\/div>\n\t\t\t\t<div class=\"elementor-element elementor-element-1f6b0e58 elementor-widget elementor-widget-spacer\" data-id=\"1f6b0e58\" data-element_type=\"widget\" data-e-type=\"widget\" data-widget_type=\"spacer.default\">\n\t\t\t\t<div class=\"elementor-widget-container\">\n\t\t\t\t\t\t\t<div class=\"elementor-spacer\">\n\t\t\t<div class=\"elementor-spacer-inner\"><\/div>\n\t\t<\/div>\n\t\t\t\t\t\t<\/div>\n\t\t\t\t<\/div>\n\t\t\t\t\t<\/div>\n\t\t<\/div>\n\t\t\t\t\t<\/div>\n\t\t<\/section>\n\t\t\t\t<section class=\"elementor-section elementor-top-section elementor-element elementor-element-163c7254 elementor-section-boxed elementor-section-height-default elementor-section-height-default\" data-id=\"163c7254\" data-element_type=\"section\" data-e-type=\"section\">\n\t\t\t\t\t\t<div class=\"elementor-container elementor-column-gap-default\">\n\t\t\t\t\t<div class=\"elementor-column elementor-col-50 elementor-top-column elementor-element elementor-element-5b05272d\" data-id=\"5b05272d\" data-element_type=\"column\" data-e-type=\"column\">\n\t\t\t<div class=\"elementor-widget-wrap elementor-element-populated\">\n\t\t\t\t\t\t<div class=\"elementor-element elementor-element-1bb8e701 elementor-view-default elementor-position-block-start elementor-mobile-position-block-start elementor-widget elementor-widget-icon-box\" data-id=\"1bb8e701\" data-element_type=\"widget\" data-e-type=\"widget\" data-widget_type=\"icon-box.default\">\n\t\t\t\t<div class=\"elementor-widget-container\">\n\t\t\t\t\t\t\t<div class=\"elementor-icon-box-wrapper\">\n\n\t\t\t\t\t\t<div class=\"elementor-icon-box-icon\">\n\t\t\t\t<a href=\"https:\/\/science-metrix.com\/fr\/clients\/\" class=\"elementor-icon\" tabindex=\"-1\" aria-label=\"Clients\">\n\t\t\t\t<svg xmlns=\"http:\/\/www.w3.org\/2000\/svg\" viewbox=\"0 0 128 128\" height=\"128\" width=\"128\"><defs><clippath clippathunits=\"userSpaceOnUse\" id=\"0196-in-customers-shoes-clipPath\"><path d=\"M74 96H36V80.187L13.373 103 36 125.813V110h38V96\"><\/path><\/clippath><\/defs><path d=\"M114.654 89L92.027 66.187V82H73.912c-.361-10.404-2.113-16.803-10.049-21.73C58.292 56.81 50.415 55 40.502 55c-10.35 0-18.48 1.973-24.084 5.727C6.215 67.562 7.015 76.979 7.015 96h85.012v15.813zM40.277 49.61c10.326 0 18.111-9.359 18.111-21.773 0-9.937-8.293-18.33-18.111-18.33-9.817 0-18.111 8.393-18.111 18.33 0 12.414 7.786 21.773 18.111 21.773\" fill=\"#acd2ff\"><\/path><g clip-path=\"url(#0196-in-customers-shoes-clipPath)\"><path transform=\"matrix(1 0 0 -1 0 128)\" d=\"M125 0l4 4m0 4l-8-8m-4 0l12 12m0 4l-16-16m-4 0l20 20m0 4l-24-24m-4 0l28 28m0 4l-32-32m-4 0l36 36m0 4l-40-40m-4 0l44 44m0 4l-48-48m-4 0l52 52m0 4l-56-56m-4 0l60 60m0 4l-64-64m-4 0l68 68m0 4l-72-72m-4 0l76 76m0 4l-80-80m-4 0l84 84m0 4l-88-88m-4 0l92 92m0 4l-96-96m-4 0l100 100m0 4l-104-104m-4 0l108 108m0 4l-112-112m-4 0l116 116m0 4l-120-120m-4 0l124 124m0 4l-128-128m0 4l124 124m-4 0l-120-120m0 4l116 116m-4 0l-112-112m0 4l108 108m-4 0l-104-104m0 4l100 100m-4 0l-96-96m0 4l92 92m-4 0l-88-88m0 4l84 84m-4 0l-80-80m0 4l76 76m-4 0l-72-72m0 4l68 68m-4 0l-64-64m0 4l60 60m-4 0l-56-56m0 4l52 52m-4 0l-48-48m0 4l44 44m-4 0l-40-40m0 4l36 36m-4 0l-32-32m0 4l28 28m-4 0l-24-24m0 4l20 20m-4 0l-16-16m0 4l12 12m-4 0l-8-8m0 4l4 4\" fill=\"none\" stroke=\"#343741\" stroke-linecap=\"square\" stroke-miterlimit=\"10\" stroke-width=\".2\"><\/path><\/g><path d=\"M87.764 9.507c9.817 0 18.111 8.393 18.111 18.33 0 12.414-7.786 21.773-18.111 21.773-10.325 0-18.111-9.359-18.111-21.773 0-9.937 8.294-18.33 18.111-18.33M54.026 82c0-7 .341-15.468 9.834-21.522C69.493 56.885 77.559 55 87.767 55c9.822 0 17.66 1.746 23.257 5.085C121.139 66.121 121.502 75 121.502 82H54.026\" fill=\"#3679e0\"><\/path><path d=\"M92.027 82h15.684L92.027 66.187V82m-38 0h19.885c-.358-10.33-2.095-16.708-9.887-21.622l-.164.1C54.367 66.531 54.027 75 54.027 82\" fill=\"#005ce0\"><\/path><\/svg>\t\t\t\t<\/a>\n\t\t\t<\/div>\n\t\t\t\n\t\t\t\t\t\t<div class=\"elementor-icon-box-content\">\n\n\t\t\t\t\t\t\t\t\t<h3 class=\"elementor-icon-box-title\">\n\t\t\t\t\t\t<a href=\"https:\/\/science-metrix.com\/fr\/clients\/\" >\n\t\t\t\t\t\t\tClients\t\t\t\t\t\t<\/a>\n\t\t\t\t\t<\/h3>\n\t\t\t\t\n\t\t\t\t\t\t\t\t\t<p class=\"elementor-icon-box-description\">\n\t\t\t\t\t\tNotre client\u00e8le \u00e0 l\u2019\u00e9chelle mondiale peut t\u00e9moigner de sa satisfaction \u00e0 l\u2019\u00e9gard de nos services. D\u00e9couvrez qui sont nos clients et voyez comment nous les avons aid\u00e9s.\t\t\t\t\t<\/p>\n\t\t\t\t\n\t\t\t<\/div>\n\t\t\t\n\t\t<\/div>\n\t\t\t\t\t\t<\/div>\n\t\t\t\t<\/div>\n\t\t\t\t\t<\/div>\n\t\t<\/div>\n\t\t\t\t<div class=\"elementor-column elementor-col-50 elementor-top-column elementor-element elementor-element-37753f13\" data-id=\"37753f13\" data-element_type=\"column\" data-e-type=\"column\">\n\t\t\t<div class=\"elementor-widget-wrap elementor-element-populated\">\n\t\t\t\t\t\t<div class=\"elementor-element elementor-element-4d68aeb1 elementor-view-default elementor-position-block-start elementor-mobile-position-block-start elementor-widget elementor-widget-icon-box\" data-id=\"4d68aeb1\" data-element_type=\"widget\" data-e-type=\"widget\" data-widget_type=\"icon-box.default\">\n\t\t\t\t<div class=\"elementor-widget-container\">\n\t\t\t\t\t\t\t<div class=\"elementor-icon-box-wrapper\">\n\n\t\t\t\t\t\t<div class=\"elementor-icon-box-icon\">\n\t\t\t\t<a href=\"https:\/\/science-metrix.com\/fr\/project-partners\/\" class=\"elementor-icon\" tabindex=\"-1\" aria-label=\"Partenaires de projets\">\n\t\t\t\t<svg xmlns=\"http:\/\/www.w3.org\/2000\/svg\" viewbox=\"0 0 128 128\" height=\"128\" width=\"128\"><defs><clippath clippathunits=\"userSpaceOnUse\" id=\"0243-expertise-and-collaboration-clipPath\"><path clip-rule=\"evenodd\" d=\"M100.966 60.544c-.964-1.827-5.279-9.993-15.338-28.752-9.724-18.133-24.39-22.738-42.292-22.738-24.011 0-40.32 14.946-40.32 37.455C3.016 61.198 15 73 18.861 86.269c2.423 8.328.517 16.279-2.091 33.65h52.223V108.96c0-5.724 4.312-5.479 13.685-5.638 7.158-.122 9.549-5.555 9.766-11.206.223-5.801.882-22.607.882-22.607s3.452-1.221 5.747-1.951c2.39-.761 3.315-4.319 1.893-7.014\"><\/path><\/clippath><\/defs><path d=\"M119.967 7.479a2.5 2.5 0 0 0-1.477.529l-15.789 11.96C93.746 11.597 82.408 9.136 69.344 9.136c-4.066 0-7.905.438-11.487 1.26 11.362 2.4 20.829 8.449 27.772 21.398.191.357.234.44.422.789l-.219.166-43.59 13.87a2.506 2.506 0 0 0-1.01.614l-35 35A2.501 2.501 0 0 0 8 86.5a2.493 2.493 0 0 0 1.768-.732l34.57-34.57 17.86-5.682 8.146-2.592 11.176-3.557 6.238-1.984a2.517 2.517 0 0 0 .68-.338c7.546 14.096 11.688 21.903 12.529 23.498 1.422 2.696.495 6.255-1.895 7.016-2.295.73-5.746 1.949-5.746 1.949s-.66 16.807-.883 22.607c-.217 5.652-2.607 11.085-9.765 11.207-9.372.16-13.686-.086-13.686 5.637v10.96H42.79l-.012.081H95v-10.959c0-5.723 4.313-5.479 13.686-5.639 7.158-.122 9.547-5.554 9.765-11.205.223-5.8.883-22.607.883-22.607s3.451-1.221 5.746-1.951c2.391-.76 3.317-4.319 1.895-7.014-.964-1.827-5.28-9.993-15.338-28.752-1.685-3.14-3.52-5.867-5.492-8.242l10.15-7.69 5.215-3.949a2.5 2.5 0 0 0-1.543-4.513z\" fill=\"#acd2ff\"><\/path><path clip-path=\"url(#0243-expertise-and-collaboration-clipPath)\" d=\"M126 128l4-4m0-4l-8 8m-4 0l12-12m0-4l-16 16m-4 0l20-20m0-4l-24 24m-4 0l28-28m0-4l-32 32m-4 0l36-36m0-4l-40 40m-4 0l44-44m0-4l-48 48m-4 0l52-52m0-4l-56 56m-4 0l60-60m0-4l-64 64m-4 0l68-68m0-4l-72 72m-4 0l76-76m0-4l-80 80m-4 0l84-84m0-4l-88 88m-4 0l92-92m0-4l-96 96m-4 0L130 28m0-4L26 128m-4 0L130 20m0-4L18 128m-4 0L130 12m0-4L10 128m-4 0L130 4m0-4L2 128m0-4L126 0m-4 0L2 120m0-4L118 0m-4 0L2 112m0-4L110 0m-4 0L2 104m0-4L102 0m-4 0L2 96m0-4L94 0m-4 0L2 88m0-4L86 0m-4 0L2 80m0-4L78 0m-4 0L2 72m0-4L70 0m-4 0L2 64m0-4L62 0m-4 0L2 56m0-4L54 0m-4 0L2 48m0-4L46 0m-4 0L2 40m0-4L38 0m-4 0L2 32m0-4L30 0m-4 0L2 24m0-4L22 0m-4 0L2 16m0-4L14 0m-4 0L2 8m0-4l4-4\" fill=\"none\" stroke=\"#343741\" stroke-linecap=\"square\" stroke-miterlimit=\"10\" stroke-width=\".2\"><\/path><path d=\"M43 68.516c-10.778 0-19.515-8.738-19.515-19.516 0-10.778 8.737-19.516 19.515-19.516S62.515 38.222 62.515 49c0 10.778-8.737 19.516-19.515 19.516\" fill=\"#fff\"><\/path><path d=\"M120 3a7 7 0 0 0 0 14 7 7 0 0 0 0-14zM43 21c-15.464 0-28 12.536-28 28a27.889 27.889 0 0 0 6.504 17.943 28.136 28.136 0 0 0 3.54 3.541A27.882 27.882 0 0 0 43 77c15.464 0 28-12.536 28-28 0-2.089-.228-4.124-.662-6.082a27.817 27.817 0 0 0-1.514-4.758C64.587 28.08 54.621 21 43 21zm43.893 7A7 7 0 0 0 83.3 40.943a7 7 0 0 0 7.398-11.886A7 7 0 0 0 86.893 28zM43 29.484c7.825 0 14.575 4.605 17.686 11.252a19.352 19.352 0 0 1 1.517 4.77c.205 1.134.313 2.302.313 3.494 0 10.777-8.738 19.516-19.516 19.516-4.492 0-8.63-1.52-11.93-4.07a19.686 19.686 0 0 1-3.521-3.524A19.438 19.438 0 0 1 23.484 49c0-10.777 8.738-19.516 19.516-19.516zm.08 10.278a9.334 9.334 0 0 0-9.412 9.236A9.334 9.334 0 1 0 52.334 49a9.334 9.334 0 0 0-9.254-9.238zM7.043 77.998A7.002 7.002 0 0 0 4.15 91.396a7.003 7.003 0 0 0 5.7-12.792 7.002 7.002 0 0 0-2.807-.606z\" fill=\"#3679e0\"><\/path><path d=\"M31.071 64.446a19.626 19.626 0 0 1-3.523-3.525l-.002-.003-.008.009-6.012 6.011-.013.014a28.126 28.126 0 0 0 3.531 3.533l.003.003.009-.008 6.018-6.018.008-.008-.011-.008M93.53 32.473a7.017 7.017 0 0 0-2.827-3.414l-.001.001-4.869 3.688-5.821 1.853a6.969 6.969 0 0 0 1.515 4.764l6.231-1.982c.271-.087.525-.218.752-.39l5.212-3.949a7.218 7.218 0 0 0-.192-.571m24.961-24.465l-5.213 3.948a7.016 7.016 0 0 0 3.019 3.985l5.213-3.948a2.5 2.5 0 1 0-3.019-3.985M70.337 42.917a27.79 27.79 0 0 0-1.512-4.756l-.001-.001-.003.001-8.131 2.587a19.41 19.41 0 0 1 1.515 4.765l8.134-2.588-.002-.008M9.856 78.608l-3.624 3.624a2.501 2.501 0 0 0 3.536 3.536l3.617-3.618.007-.006a7.024 7.024 0 0 0-3.536-3.536\" fill=\"#005ce0\"><\/path><\/svg>\t\t\t\t<\/a>\n\t\t\t<\/div>\n\t\t\t\n\t\t\t\t\t\t<div class=\"elementor-icon-box-content\">\n\n\t\t\t\t\t\t\t\t\t<h3 class=\"elementor-icon-box-title\">\n\t\t\t\t\t\t<a href=\"https:\/\/science-metrix.com\/fr\/project-partners\/\" >\n\t\t\t\t\t\t\tPartenaires de projets\t\t\t\t\t\t<\/a>\n\t\t\t\t\t<\/h3>\n\t\t\t\t\n\t\t\t\t\t\t\t\t\t<p class=\"elementor-icon-box-description\">\n\t\t\t\t\t\tVous avez besoin d\u2019expertise en bibliom\u00e9trie pour une soumission, mais vous ne l\u2019avez pas \u00e0 l\u2019interne ? Nous pouvons vous aider !\t\t\t\t\t<\/p>\n\t\t\t\t\n\t\t\t<\/div>\n\t\t\t\n\t\t<\/div>\n\t\t\t\t\t\t<\/div>\n\t\t\t\t<\/div>\n\t\t\t\t\t<\/div>\n\t\t<\/div>\n\t\t\t\t\t<\/div>\n\t\t<\/section>\n\t\t\t\t<section class=\"elementor-section elementor-top-section elementor-element elementor-element-6c7fa960 elementor-section-boxed elementor-section-height-default elementor-section-height-default\" data-id=\"6c7fa960\" data-element_type=\"section\" data-e-type=\"section\">\n\t\t\t\t\t\t<div class=\"elementor-container elementor-column-gap-default\">\n\t\t\t\t\t<div class=\"elementor-column elementor-col-100 elementor-top-column elementor-element elementor-element-5fcefce3\" data-id=\"5fcefce3\" data-element_type=\"column\" data-e-type=\"column\">\n\t\t\t<div class=\"elementor-widget-wrap elementor-element-populated\">\n\t\t\t\t\t\t<div class=\"elementor-element elementor-element-5d2a2ab2 elementor-widget elementor-widget-spacer\" data-id=\"5d2a2ab2\" data-element_type=\"widget\" data-e-type=\"widget\" data-widget_type=\"spacer.default\">\n\t\t\t\t<div class=\"elementor-widget-container\">\n\t\t\t\t\t\t\t<div class=\"elementor-spacer\">\n\t\t\t<div class=\"elementor-spacer-inner\"><\/div>\n\t\t<\/div>\n\t\t\t\t\t\t<\/div>\n\t\t\t\t<\/div>\n\t\t\t\t\t<\/div>\n\t\t<\/div>\n\t\t\t\t\t<\/div>\n\t\t<\/section>\n\t\t\t\t<\/div>","protected":false},"excerpt":{"rendered":"<p>About Founded in Montreal in 2002, Science-Metrix is a world leader in the field of bibliometrics and the evaluation of S&amp;T policies and programs. Now part of the global information analytics firm Elsevier, with direct access to Elsevier\u2019s extensive database and data analytics resources, we continue to provide best-in-field bibliometric analysis and to contribute to [&hellip;]<\/p>\n","protected":false},"author":2,"featured_media":0,"parent":0,"menu_order":0,"comment_status":"closed","ping_status":"closed","template":"","meta":{"footnotes":""},"class_list":["post-305","page","type-page","status-publish","hentry"],"yoast_head":"<!-- This site is optimized with the Yoast SEO plugin v25.3 - https:\/\/yoast.com\/wordpress\/plugins\/seo\/ -->\n<title>About - Science-Metrix<\/title>\n<meta name=\"robots\" content=\"index, follow, max-snippet:-1, max-image-preview:large, max-video-preview:-1\" \/>\n<link rel=\"canonical\" href=\"https:\/\/mail.science-metrix.com\/about\/\" \/>\n<meta property=\"og:locale\" content=\"fr_CA\" \/>\n<meta property=\"og:type\" content=\"article\" \/>\n<meta property=\"og:title\" content=\"About - Science-Metrix\" \/>\n<meta property=\"og:description\" content=\"About Founded in Montreal in 2002, Science-Metrix is a world leader in the field of bibliometrics and the evaluation of S&amp;T policies and programs. Now part of the global information analytics firm Elsevier, with direct access to Elsevier\u2019s extensive database and data analytics resources, we continue to provide best-in-field bibliometric analysis and to contribute to [&hellip;]\" \/>\n<meta property=\"og:url\" content=\"https:\/\/mail.science-metrix.com\/about\/\" \/>\n<meta property=\"og:site_name\" content=\"Science-Metrix\" \/>\n<meta property=\"article:modified_time\" content=\"2024-10-17T17:28:15+00:00\" \/>\n<meta name=\"twitter:card\" content=\"summary_large_image\" \/>\n<meta name=\"twitter:label1\" content=\"Estimation du temps de lecture\" \/>\n\t<meta name=\"twitter:data1\" content=\"1 minute\" \/>\n<script type=\"application\/ld+json\" class=\"yoast-schema-graph\">{\"@context\":\"https:\/\/schema.org\",\"@graph\":[{\"@type\":\"WebPage\",\"@id\":\"https:\/\/mail.science-metrix.com\/about\/\",\"url\":\"https:\/\/mail.science-metrix.com\/about\/\",\"name\":\"About - Science-Metrix\",\"isPartOf\":{\"@id\":\"https:\/\/www.science-metrix.com\/fr\/#website\"},\"datePublished\":\"2021-07-14T16:25:48+00:00\",\"dateModified\":\"2024-10-17T17:28:15+00:00\",\"breadcrumb\":{\"@id\":\"https:\/\/mail.science-metrix.com\/about\/#breadcrumb\"},\"inLanguage\":\"fr-CA\",\"potentialAction\":[{\"@type\":\"ReadAction\",\"target\":[\"https:\/\/mail.science-metrix.com\/about\/\"]}]},{\"@type\":\"BreadcrumbList\",\"@id\":\"https:\/\/mail.science-metrix.com\/about\/#breadcrumb\",\"itemListElement\":[{\"@type\":\"ListItem\",\"position\":1,\"name\":\"Home\",\"item\":\"https:\/\/www.science-metrix.com\/fr\/\"},{\"@type\":\"ListItem\",\"position\":2,\"name\":\"About\"}]},{\"@type\":\"WebSite\",\"@id\":\"https:\/\/www.science-metrix.com\/fr\/#website\",\"url\":\"https:\/\/www.science-metrix.com\/fr\/\",\"name\":\"Science-Metrix\",\"description\":\"\",\"publisher\":{\"@id\":\"https:\/\/www.science-metrix.com\/fr\/#organization\"},\"potentialAction\":[{\"@type\":\"SearchAction\",\"target\":{\"@type\":\"EntryPoint\",\"urlTemplate\":\"https:\/\/www.science-metrix.com\/fr\/?s={search_term_string}\"},\"query-input\":{\"@type\":\"PropertyValueSpecification\",\"valueRequired\":true,\"valueName\":\"search_term_string\"}}],\"inLanguage\":\"fr-CA\"},{\"@type\":\"Organization\",\"@id\":\"https:\/\/www.science-metrix.com\/fr\/#organization\",\"name\":\"Science-Metrix\",\"url\":\"https:\/\/www.science-metrix.com\/fr\/\",\"logo\":{\"@type\":\"ImageObject\",\"inLanguage\":\"fr-CA\",\"@id\":\"https:\/\/www.science-metrix.com\/fr\/#\/schema\/logo\/image\/\",\"url\":\"https:\/\/science-metrix.com\/wp-content\/uploads\/2021\/10\/Logo_SM_website.png\",\"contentUrl\":\"https:\/\/science-metrix.com\/wp-content\/uploads\/2021\/10\/Logo_SM_website.png\",\"width\":1493,\"height\":199,\"caption\":\"Science-Metrix\"},\"image\":{\"@id\":\"https:\/\/www.science-metrix.com\/fr\/#\/schema\/logo\/image\/\"}}]}<\/script>\n<!-- \/ Yoast SEO plugin. -->","yoast_head_json":{"title":"About - Science-Metrix","robots":{"index":"index","follow":"follow","max-snippet":"max-snippet:-1","max-image-preview":"max-image-preview:large","max-video-preview":"max-video-preview:-1"},"canonical":"https:\/\/mail.science-metrix.com\/about\/","og_locale":"fr_CA","og_type":"article","og_title":"About - Science-Metrix","og_description":"About Founded in Montreal in 2002, Science-Metrix is a world leader in the field of bibliometrics and the evaluation of S&amp;T policies and programs. Now part of the global information analytics firm Elsevier, with direct access to Elsevier\u2019s extensive database and data analytics resources, we continue to provide best-in-field bibliometric analysis and to contribute to [&hellip;]","og_url":"https:\/\/mail.science-metrix.com\/about\/","og_site_name":"Science-Metrix","article_modified_time":"2024-10-17T17:28:15+00:00","twitter_card":"summary_large_image","twitter_misc":{"Estimation du temps de lecture":"1 minute"},"schema":{"@context":"https:\/\/schema.org","@graph":[{"@type":"WebPage","@id":"https:\/\/mail.science-metrix.com\/about\/","url":"https:\/\/mail.science-metrix.com\/about\/","name":"About - Science-Metrix","isPartOf":{"@id":"https:\/\/www.science-metrix.com\/fr\/#website"},"datePublished":"2021-07-14T16:25:48+00:00","dateModified":"2024-10-17T17:28:15+00:00","breadcrumb":{"@id":"https:\/\/mail.science-metrix.com\/about\/#breadcrumb"},"inLanguage":"fr-CA","potentialAction":[{"@type":"ReadAction","target":["https:\/\/mail.science-metrix.com\/about\/"]}]},{"@type":"BreadcrumbList","@id":"https:\/\/mail.science-metrix.com\/about\/#breadcrumb","itemListElement":[{"@type":"ListItem","position":1,"name":"Home","item":"https:\/\/www.science-metrix.com\/fr\/"},{"@type":"ListItem","position":2,"name":"About"}]},{"@type":"WebSite","@id":"https:\/\/www.science-metrix.com\/fr\/#website","url":"https:\/\/www.science-metrix.com\/fr\/","name":"Science-Metrix","description":"","publisher":{"@id":"https:\/\/www.science-metrix.com\/fr\/#organization"},"potentialAction":[{"@type":"SearchAction","target":{"@type":"EntryPoint","urlTemplate":"https:\/\/www.science-metrix.com\/fr\/?s={search_term_string}"},"query-input":{"@type":"PropertyValueSpecification","valueRequired":true,"valueName":"search_term_string"}}],"inLanguage":"fr-CA"},{"@type":"Organization","@id":"https:\/\/www.science-metrix.com\/fr\/#organization","name":"Science-Metrix","url":"https:\/\/www.science-metrix.com\/fr\/","logo":{"@type":"ImageObject","inLanguage":"fr-CA","@id":"https:\/\/www.science-metrix.com\/fr\/#\/schema\/logo\/image\/","url":"https:\/\/science-metrix.com\/wp-content\/uploads\/2021\/10\/Logo_SM_website.png","contentUrl":"https:\/\/science-metrix.com\/wp-content\/uploads\/2021\/10\/Logo_SM_website.png","width":1493,"height":199,"caption":"Science-Metrix"},"image":{"@id":"https:\/\/www.science-metrix.com\/fr\/#\/schema\/logo\/image\/"}}]}},"jetpack_sharing_enabled":true,"_links":{"self":[{"href":"https:\/\/science-metrix.com\/fr\/wp-json\/wp\/v2\/pages\/305","targetHints":{"allow":["GET"]}}],"collection":[{"href":"https:\/\/science-metrix.com\/fr\/wp-json\/wp\/v2\/pages"}],"about":[{"href":"https:\/\/science-metrix.com\/fr\/wp-json\/wp\/v2\/types\/page"}],"author":[{"embeddable":true,"href":"https:\/\/science-metrix.com\/fr\/wp-json\/wp\/v2\/users\/2"}],"replies":[{"embeddable":true,"href":"https:\/\/science-metrix.com\/fr\/wp-json\/wp\/v2\/comments?post=305"}],"version-history":[{"count":22,"href":"https:\/\/science-metrix.com\/fr\/wp-json\/wp\/v2\/pages\/305\/revisions"}],"predecessor-version":[{"id":6642,"href":"https:\/\/science-metrix.com\/fr\/wp-json\/wp\/v2\/pages\/305\/revisions\/6642"}],"wp:attachment":[{"href":"https:\/\/science-metrix.com\/fr\/wp-json\/wp\/v2\/media?parent=305"}],"curies":[{"name":"wp","href":"https:\/\/api.w.org\/{rel}","templated":true}]}}